{"id":3643,"date":"2024-08-02T09:39:59","date_gmt":"2024-08-02T07:39:59","guid":{"rendered":"https:\/\/bureaux.mazoyer.fr\/?post_type=product&#038;p=3643"},"modified":"2024-08-02T09:39:59","modified_gmt":"2024-08-02T07:39:59","slug":"mut","status":"publish","type":"product","link":"https:\/\/bureaux.mazoyer.fr\/en\/product\/mut\/","title":{"rendered":"MUT"},"content":{"rendered":"","protected":false},"excerpt":{"rendered":"<p><b>FLEXIBILIT\u00c9, MOUVEMENT ET SILENCE POUR LE BUREAU<\/b><br \/>\n<b>MUT <\/b>est une s\u00e9rie de panneaux s\u00e9parateurs et de compl\u00e9ments phono-absorbants permettant de dynamiser le caract\u00e8re des espaces de travail sans n\u00e9gliger le bien-\u00eatre acoustique et le confort visuel. Les panneaux sont l\u00e9gers et permettent d&rsquo;\u00eatre d\u00e9plac\u00e9s d&rsquo;un c\u00f4t\u00e9 \u00e0 l&rsquo;autre, cr\u00e9ant des environnements en fonction de leur objectif.<\/p>","protected":false},"featured_media":3644,"comment_status":"open","ping_status":"closed","template":"","meta":[],"product_cat":[63],"product_tag":[],"yoast_head":"<!-- This site is optimized with the Yoast SEO plugin v22.9 - https:\/\/yoast.com\/wordpress\/plugins\/seo\/ -->\n<title>MUT - mazoyer-bureaux.fr<\/title>\n<meta name=\"robots\" content=\"index, follow, max-snippet:-1, max-image-preview:large, max-video-preview:-1\" \/>\n<link rel=\"canonical\" href=\"https:\/\/bureaux.mazoyer.fr\/en\/product\/mut\/\" \/>\n<meta property=\"og:locale\" content=\"en_US\" \/>\n<meta property=\"og:type\" content=\"article\" \/>\n<meta property=\"og:title\" content=\"MUT - mazoyer-bureaux.fr\" \/>\n<meta property=\"og:description\" content=\"FLEXIBILIT\u00c9, MOUVEMENT ET SILENCE POUR LE BUREAU MUT est une s\u00e9rie de panneaux s\u00e9parateurs et de compl\u00e9ments phono-absorbants permettant de dynamiser le caract\u00e8re des espaces de travail sans n\u00e9gliger le bien-\u00eatre acoustique et le confort visuel. Les panneaux sont l\u00e9gers et permettent d&#039;\u00eatre d\u00e9plac\u00e9s d&#039;un c\u00f4t\u00e9 \u00e0 l&#039;autre, cr\u00e9ant des environnements en fonction de leur objectif.\" \/>\n<meta property=\"og:url\" content=\"https:\/\/bureaux.mazoyer.fr\/en\/product\/mut\/\" \/>\n<meta property=\"og:site_name\" content=\"mazoyer-bureaux.fr\" \/>\n<meta property=\"og:image\" content=\"https:\/\/bureaux.mazoyer.fr\/wp-content\/uploads\/2024\/08\/Image-188.jpeg\" \/>\n\t<meta property=\"og:image:width\" content=\"1280\" \/>\n\t<meta property=\"og:image:height\" content=\"720\" \/>\n\t<meta property=\"og:image:type\" content=\"image\/jpeg\" \/>\n<meta name=\"twitter:card\" content=\"summary_large_image\" \/>\n<meta name=\"twitter:label1\" content=\"Est. reading time\" \/>\n\t<meta name=\"twitter:data1\" content=\"1 minute\" \/>\n<script type=\"application\/ld+json\" class=\"yoast-schema-graph\">{\"@context\":\"https:\/\/schema.org\",\"@graph\":[{\"@type\":\"WebPage\",\"@id\":\"https:\/\/bureaux.mazoyer.fr\/produit\/mut\/\",\"url\":\"https:\/\/bureaux.mazoyer.fr\/produit\/mut\/\",\"name\":\"MUT - mazoyer-bureaux.fr\",\"isPartOf\":{\"@id\":\"https:\/\/bureaux.mazoyer.fr\/#website\"},\"primaryImageOfPage\":{\"@id\":\"https:\/\/bureaux.mazoyer.fr\/produit\/mut\/#primaryimage\"},\"image\":{\"@id\":\"https:\/\/bureaux.mazoyer.fr\/produit\/mut\/#primaryimage\"},\"thumbnailUrl\":\"https:\/\/bureaux.mazoyer.fr\/wp-content\/uploads\/2024\/08\/Image-188.jpeg\",\"datePublished\":\"2024-08-02T07:39:59+00:00\",\"dateModified\":\"2024-08-02T07:39:59+00:00\",\"breadcrumb\":{\"@id\":\"https:\/\/bureaux.mazoyer.fr\/produit\/mut\/#breadcrumb\"},\"inLanguage\":\"en-US\",\"potentialAction\":[{\"@type\":\"ReadAction\",\"target\":[\"https:\/\/bureaux.mazoyer.fr\/produit\/mut\/\"]}]},{\"@type\":\"ImageObject\",\"inLanguage\":\"en-US\",\"@id\":\"https:\/\/bureaux.mazoyer.fr\/produit\/mut\/#primaryimage\",\"url\":\"https:\/\/bureaux.mazoyer.fr\/wp-content\/uploads\/2024\/08\/Image-188.jpeg\",\"contentUrl\":\"https:\/\/bureaux.mazoyer.fr\/wp-content\/uploads\/2024\/08\/Image-188.jpeg\",\"width\":1280,\"height\":720},{\"@type\":\"BreadcrumbList\",\"@id\":\"https:\/\/bureaux.mazoyer.fr\/produit\/mut\/#breadcrumb\",\"itemListElement\":[{\"@type\":\"ListItem\",\"position\":1,\"name\":\"Accueil\",\"item\":\"https:\/\/bureaux.mazoyer.fr\/\"},{\"@type\":\"ListItem\",\"position\":2,\"name\":\"Produits\",\"item\":\"https:\/\/bureaux.mazoyer.fr\/shop\/\"},{\"@type\":\"ListItem\",\"position\":3,\"name\":\"MUT\"}]},{\"@type\":\"WebSite\",\"@id\":\"https:\/\/bureaux.mazoyer.fr\/#website\",\"url\":\"https:\/\/bureaux.mazoyer.fr\/\",\"name\":\"mazoyer-bureaux.fr\",\"description\":\"Mat\u00e9riel BTP \u2013 Manutention- Mobilier de Bureau Neuf &amp; Occasion \u2013 Stockage \u2013 Services \u2013 Location courte dur\u00e9e\",\"potentialAction\":[{\"@type\":\"SearchAction\",\"target\":{\"@type\":\"EntryPoint\",\"urlTemplate\":\"https:\/\/bureaux.mazoyer.fr\/?s={search_term_string}\"},\"query-input\":\"required name=search_term_string\"}],\"inLanguage\":\"en-US\"}]}<\/script>\n<!-- \/ Yoast SEO plugin. -->","yoast_head_json":{"title":"MUT - mazoyer-bureaux.fr","robots":{"index":"index","follow":"follow","max-snippet":"max-snippet:-1","max-image-preview":"max-image-preview:large","max-video-preview":"max-video-preview:-1"},"canonical":"https:\/\/bureaux.mazoyer.fr\/en\/product\/mut\/","og_locale":"en_US","og_type":"article","og_title":"MUT - mazoyer-bureaux.fr","og_description":"FLEXIBILIT\u00c9, MOUVEMENT ET SILENCE POUR LE BUREAU MUT est une s\u00e9rie de panneaux s\u00e9parateurs et de compl\u00e9ments phono-absorbants permettant de dynamiser le caract\u00e8re des espaces de travail sans n\u00e9gliger le bien-\u00eatre acoustique et le confort visuel. Les panneaux sont l\u00e9gers et permettent d'\u00eatre d\u00e9plac\u00e9s d'un c\u00f4t\u00e9 \u00e0 l'autre, cr\u00e9ant des environnements en fonction de leur objectif.","og_url":"https:\/\/bureaux.mazoyer.fr\/en\/product\/mut\/","og_site_name":"mazoyer-bureaux.fr","og_image":[{"width":1280,"height":720,"url":"https:\/\/bureaux.mazoyer.fr\/wp-content\/uploads\/2024\/08\/Image-188.jpeg","type":"image\/jpeg"}],"twitter_card":"summary_large_image","twitter_misc":{"Est. reading time":"1 minute"},"schema":{"@context":"https:\/\/schema.org","@graph":[{"@type":"WebPage","@id":"https:\/\/bureaux.mazoyer.fr\/produit\/mut\/","url":"https:\/\/bureaux.mazoyer.fr\/produit\/mut\/","name":"MUT - mazoyer-bureaux.fr","isPartOf":{"@id":"https:\/\/bureaux.mazoyer.fr\/#website"},"primaryImageOfPage":{"@id":"https:\/\/bureaux.mazoyer.fr\/produit\/mut\/#primaryimage"},"image":{"@id":"https:\/\/bureaux.mazoyer.fr\/produit\/mut\/#primaryimage"},"thumbnailUrl":"https:\/\/bureaux.mazoyer.fr\/wp-content\/uploads\/2024\/08\/Image-188.jpeg","datePublished":"2024-08-02T07:39:59+00:00","dateModified":"2024-08-02T07:39:59+00:00","breadcrumb":{"@id":"https:\/\/bureaux.mazoyer.fr\/produit\/mut\/#breadcrumb"},"inLanguage":"en-US","potentialAction":[{"@type":"ReadAction","target":["https:\/\/bureaux.mazoyer.fr\/produit\/mut\/"]}]},{"@type":"ImageObject","inLanguage":"en-US","@id":"https:\/\/bureaux.mazoyer.fr\/produit\/mut\/#primaryimage","url":"https:\/\/bureaux.mazoyer.fr\/wp-content\/uploads\/2024\/08\/Image-188.jpeg","contentUrl":"https:\/\/bureaux.mazoyer.fr\/wp-content\/uploads\/2024\/08\/Image-188.jpeg","width":1280,"height":720},{"@type":"BreadcrumbList","@id":"https:\/\/bureaux.mazoyer.fr\/produit\/mut\/#breadcrumb","itemListElement":[{"@type":"ListItem","position":1,"name":"Accueil","item":"https:\/\/bureaux.mazoyer.fr\/"},{"@type":"ListItem","position":2,"name":"Produits","item":"https:\/\/bureaux.mazoyer.fr\/shop\/"},{"@type":"ListItem","position":3,"name":"MUT"}]},{"@type":"WebSite","@id":"https:\/\/bureaux.mazoyer.fr\/#website","url":"https:\/\/bureaux.mazoyer.fr\/","name":"mazoyer-bureaux.fr","description":"Mat\u00e9riel BTP \u2013 Manutention- Mobilier de Bureau Neuf &amp; Occasion \u2013 Stockage \u2013 Services \u2013 Location courte dur\u00e9e","potentialAction":[{"@type":"SearchAction","target":{"@type":"EntryPoint","urlTemplate":"https:\/\/bureaux.mazoyer.fr\/?s={search_term_string}"},"query-input":"required name=search_term_string"}],"inLanguage":"en-US"}]}},"_links":{"self":[{"href":"https:\/\/bureaux.mazoyer.fr\/en\/wp-json\/wp\/v2\/product\/3643"}],"collection":[{"href":"https:\/\/bureaux.mazoyer.fr\/en\/wp-json\/wp\/v2\/product"}],"about":[{"href":"https:\/\/bureaux.mazoyer.fr\/en\/wp-json\/wp\/v2\/types\/product"}],"replies":[{"embeddable":true,"href":"https:\/\/bureaux.mazoyer.fr\/en\/wp-json\/wp\/v2\/comments?post=3643"}],"wp:featuredmedia":[{"embeddable":true,"href":"https:\/\/bureaux.mazoyer.fr\/en\/wp-json\/wp\/v2\/media\/3644"}],"wp:attachment":[{"href":"https:\/\/bureaux.mazoyer.fr\/en\/wp-json\/wp\/v2\/media?parent=3643"}],"wp:term":[{"taxonomy":"product_cat","embeddable":true,"href":"https:\/\/bureaux.mazoyer.fr\/en\/wp-json\/wp\/v2\/product_cat?post=3643"},{"taxonomy":"product_tag","embeddable":true,"href":"https:\/\/bureaux.mazoyer.fr\/en\/wp-json\/wp\/v2\/product_tag?post=3643"}],"curies":[{"name":"wp","href":"https:\/\/api.w.org\/{rel}","templated":true}]}}