{"id":3627,"date":"2024-08-02T09:36:02","date_gmt":"2024-08-02T07:36:02","guid":{"rendered":"https:\/\/bureaux.mazoyer.fr\/?post_type=product&#038;p=3627"},"modified":"2024-08-02T09:36:02","modified_gmt":"2024-08-02T07:36:02","slug":"rb","status":"publish","type":"product","link":"https:\/\/bureaux.mazoyer.fr\/en\/product\/rb\/","title":{"rendered":"RB"},"content":{"rendered":"","protected":false},"excerpt":{"rendered":"<p><b>ORGANISEZ VOTRE ESPACE DE TRAVAIL<\/b><br \/>\nRB est une ligne de cloisons qui favorise l&rsquo;organisation de notre espace de travail. Conscients de la n\u00e9cessit\u00e9 de transformer et d&rsquo;adapter nos bureaux aux d\u00e9fis de notre \u00e9poque, RB nous aide \u00e0 trouver les solutions id\u00e9ales pour concilier le travail \u00e0 domicile et au bureau, en faisant en sorte que les deux concepts cohabitent normalement dans notre vie professionnelle.<\/p>","protected":false},"featured_media":3639,"comment_status":"open","ping_status":"closed","template":"","meta":[],"product_cat":[63],"product_tag":[],"yoast_head":"<!-- This site is optimized with the Yoast SEO plugin v22.9 - https:\/\/yoast.com\/wordpress\/plugins\/seo\/ -->\n<title>RB - mazoyer-bureaux.fr<\/title>\n<meta name=\"robots\" content=\"index, follow, max-snippet:-1, max-image-preview:large, max-video-preview:-1\" \/>\n<link rel=\"canonical\" href=\"https:\/\/bureaux.mazoyer.fr\/en\/product\/rb\/\" \/>\n<meta property=\"og:locale\" content=\"en_US\" \/>\n<meta property=\"og:type\" content=\"article\" \/>\n<meta property=\"og:title\" content=\"RB - mazoyer-bureaux.fr\" \/>\n<meta property=\"og:description\" content=\"ORGANISEZ VOTRE ESPACE DE TRAVAIL RB est une ligne de cloisons qui favorise l&#039;organisation de notre espace de travail. Conscients de la n\u00e9cessit\u00e9 de transformer et d&#039;adapter nos bureaux aux d\u00e9fis de notre \u00e9poque, RB nous aide \u00e0 trouver les solutions id\u00e9ales pour concilier le travail \u00e0 domicile et au bureau, en faisant en sorte que les deux concepts cohabitent normalement dans notre vie professionnelle.\" \/>\n<meta property=\"og:url\" content=\"https:\/\/bureaux.mazoyer.fr\/en\/product\/rb\/\" \/>\n<meta property=\"og:site_name\" content=\"mazoyer-bureaux.fr\" \/>\n<meta property=\"og:image\" content=\"https:\/\/bureaux.mazoyer.fr\/wp-content\/uploads\/2024\/08\/Image-184.jpeg\" \/>\n\t<meta property=\"og:image:width\" content=\"970\" \/>\n\t<meta property=\"og:image:height\" content=\"530\" \/>\n\t<meta property=\"og:image:type\" content=\"image\/jpeg\" \/>\n<meta name=\"twitter:card\" content=\"summary_large_image\" \/>\n<meta name=\"twitter:label1\" content=\"Est. reading time\" \/>\n\t<meta name=\"twitter:data1\" content=\"1 minute\" \/>\n<script type=\"application\/ld+json\" class=\"yoast-schema-graph\">{\"@context\":\"https:\/\/schema.org\",\"@graph\":[{\"@type\":\"WebPage\",\"@id\":\"https:\/\/bureaux.mazoyer.fr\/produit\/rb\/\",\"url\":\"https:\/\/bureaux.mazoyer.fr\/produit\/rb\/\",\"name\":\"RB - mazoyer-bureaux.fr\",\"isPartOf\":{\"@id\":\"https:\/\/bureaux.mazoyer.fr\/#website\"},\"primaryImageOfPage\":{\"@id\":\"https:\/\/bureaux.mazoyer.fr\/produit\/rb\/#primaryimage\"},\"image\":{\"@id\":\"https:\/\/bureaux.mazoyer.fr\/produit\/rb\/#primaryimage\"},\"thumbnailUrl\":\"https:\/\/bureaux.mazoyer.fr\/wp-content\/uploads\/2024\/08\/Image-184.jpeg\",\"datePublished\":\"2024-08-02T07:36:02+00:00\",\"dateModified\":\"2024-08-02T07:36:02+00:00\",\"breadcrumb\":{\"@id\":\"https:\/\/bureaux.mazoyer.fr\/produit\/rb\/#breadcrumb\"},\"inLanguage\":\"en-US\",\"potentialAction\":[{\"@type\":\"ReadAction\",\"target\":[\"https:\/\/bureaux.mazoyer.fr\/produit\/rb\/\"]}]},{\"@type\":\"ImageObject\",\"inLanguage\":\"en-US\",\"@id\":\"https:\/\/bureaux.mazoyer.fr\/produit\/rb\/#primaryimage\",\"url\":\"https:\/\/bureaux.mazoyer.fr\/wp-content\/uploads\/2024\/08\/Image-184.jpeg\",\"contentUrl\":\"https:\/\/bureaux.mazoyer.fr\/wp-content\/uploads\/2024\/08\/Image-184.jpeg\",\"width\":970,\"height\":530},{\"@type\":\"BreadcrumbList\",\"@id\":\"https:\/\/bureaux.mazoyer.fr\/produit\/rb\/#breadcrumb\",\"itemListElement\":[{\"@type\":\"ListItem\",\"position\":1,\"name\":\"Accueil\",\"item\":\"https:\/\/bureaux.mazoyer.fr\/\"},{\"@type\":\"ListItem\",\"position\":2,\"name\":\"Produits\",\"item\":\"https:\/\/bureaux.mazoyer.fr\/shop\/\"},{\"@type\":\"ListItem\",\"position\":3,\"name\":\"RB\"}]},{\"@type\":\"WebSite\",\"@id\":\"https:\/\/bureaux.mazoyer.fr\/#website\",\"url\":\"https:\/\/bureaux.mazoyer.fr\/\",\"name\":\"mazoyer-bureaux.fr\",\"description\":\"Mat\u00e9riel BTP \u2013 Manutention- Mobilier de Bureau Neuf &amp; Occasion \u2013 Stockage \u2013 Services \u2013 Location courte dur\u00e9e\",\"potentialAction\":[{\"@type\":\"SearchAction\",\"target\":{\"@type\":\"EntryPoint\",\"urlTemplate\":\"https:\/\/bureaux.mazoyer.fr\/?s={search_term_string}\"},\"query-input\":\"required name=search_term_string\"}],\"inLanguage\":\"en-US\"}]}<\/script>\n<!-- \/ Yoast SEO plugin. -->","yoast_head_json":{"title":"RB - mazoyer-bureaux.fr","robots":{"index":"index","follow":"follow","max-snippet":"max-snippet:-1","max-image-preview":"max-image-preview:large","max-video-preview":"max-video-preview:-1"},"canonical":"https:\/\/bureaux.mazoyer.fr\/en\/product\/rb\/","og_locale":"en_US","og_type":"article","og_title":"RB - mazoyer-bureaux.fr","og_description":"ORGANISEZ VOTRE ESPACE DE TRAVAIL RB est une ligne de cloisons qui favorise l'organisation de notre espace de travail. Conscients de la n\u00e9cessit\u00e9 de transformer et d'adapter nos bureaux aux d\u00e9fis de notre \u00e9poque, RB nous aide \u00e0 trouver les solutions id\u00e9ales pour concilier le travail \u00e0 domicile et au bureau, en faisant en sorte que les deux concepts cohabitent normalement dans notre vie professionnelle.","og_url":"https:\/\/bureaux.mazoyer.fr\/en\/product\/rb\/","og_site_name":"mazoyer-bureaux.fr","og_image":[{"width":970,"height":530,"url":"https:\/\/bureaux.mazoyer.fr\/wp-content\/uploads\/2024\/08\/Image-184.jpeg","type":"image\/jpeg"}],"twitter_card":"summary_large_image","twitter_misc":{"Est. reading time":"1 minute"},"schema":{"@context":"https:\/\/schema.org","@graph":[{"@type":"WebPage","@id":"https:\/\/bureaux.mazoyer.fr\/produit\/rb\/","url":"https:\/\/bureaux.mazoyer.fr\/produit\/rb\/","name":"RB - mazoyer-bureaux.fr","isPartOf":{"@id":"https:\/\/bureaux.mazoyer.fr\/#website"},"primaryImageOfPage":{"@id":"https:\/\/bureaux.mazoyer.fr\/produit\/rb\/#primaryimage"},"image":{"@id":"https:\/\/bureaux.mazoyer.fr\/produit\/rb\/#primaryimage"},"thumbnailUrl":"https:\/\/bureaux.mazoyer.fr\/wp-content\/uploads\/2024\/08\/Image-184.jpeg","datePublished":"2024-08-02T07:36:02+00:00","dateModified":"2024-08-02T07:36:02+00:00","breadcrumb":{"@id":"https:\/\/bureaux.mazoyer.fr\/produit\/rb\/#breadcrumb"},"inLanguage":"en-US","potentialAction":[{"@type":"ReadAction","target":["https:\/\/bureaux.mazoyer.fr\/produit\/rb\/"]}]},{"@type":"ImageObject","inLanguage":"en-US","@id":"https:\/\/bureaux.mazoyer.fr\/produit\/rb\/#primaryimage","url":"https:\/\/bureaux.mazoyer.fr\/wp-content\/uploads\/2024\/08\/Image-184.jpeg","contentUrl":"https:\/\/bureaux.mazoyer.fr\/wp-content\/uploads\/2024\/08\/Image-184.jpeg","width":970,"height":530},{"@type":"BreadcrumbList","@id":"https:\/\/bureaux.mazoyer.fr\/produit\/rb\/#breadcrumb","itemListElement":[{"@type":"ListItem","position":1,"name":"Accueil","item":"https:\/\/bureaux.mazoyer.fr\/"},{"@type":"ListItem","position":2,"name":"Produits","item":"https:\/\/bureaux.mazoyer.fr\/shop\/"},{"@type":"ListItem","position":3,"name":"RB"}]},{"@type":"WebSite","@id":"https:\/\/bureaux.mazoyer.fr\/#website","url":"https:\/\/bureaux.mazoyer.fr\/","name":"mazoyer-bureaux.fr","description":"Mat\u00e9riel BTP \u2013 Manutention- Mobilier de Bureau Neuf &amp; Occasion \u2013 Stockage \u2013 Services \u2013 Location courte dur\u00e9e","potentialAction":[{"@type":"SearchAction","target":{"@type":"EntryPoint","urlTemplate":"https:\/\/bureaux.mazoyer.fr\/?s={search_term_string}"},"query-input":"required name=search_term_string"}],"inLanguage":"en-US"}]}},"_links":{"self":[{"href":"https:\/\/bureaux.mazoyer.fr\/en\/wp-json\/wp\/v2\/product\/3627"}],"collection":[{"href":"https:\/\/bureaux.mazoyer.fr\/en\/wp-json\/wp\/v2\/product"}],"about":[{"href":"https:\/\/bureaux.mazoyer.fr\/en\/wp-json\/wp\/v2\/types\/product"}],"replies":[{"embeddable":true,"href":"https:\/\/bureaux.mazoyer.fr\/en\/wp-json\/wp\/v2\/comments?post=3627"}],"wp:featuredmedia":[{"embeddable":true,"href":"https:\/\/bureaux.mazoyer.fr\/en\/wp-json\/wp\/v2\/media\/3639"}],"wp:attachment":[{"href":"https:\/\/bureaux.mazoyer.fr\/en\/wp-json\/wp\/v2\/media?parent=3627"}],"wp:term":[{"taxonomy":"product_cat","embeddable":true,"href":"https:\/\/bureaux.mazoyer.fr\/en\/wp-json\/wp\/v2\/product_cat?post=3627"},{"taxonomy":"product_tag","embeddable":true,"href":"https:\/\/bureaux.mazoyer.fr\/en\/wp-json\/wp\/v2\/product_tag?post=3627"}],"curies":[{"name":"wp","href":"https:\/\/api.w.org\/{rel}","templated":true}]}}