{"id":3015,"date":"2024-07-30T14:48:45","date_gmt":"2024-07-30T12:48:45","guid":{"rendered":"https:\/\/bureaux.mazoyer.fr\/?post_type=product&#038;p=3015"},"modified":"2024-07-30T14:48:45","modified_gmt":"2024-07-30T12:48:45","slug":"espace","status":"publish","type":"product","link":"https:\/\/bureaux.mazoyer.fr\/en\/product\/espace\/","title":{"rendered":"ESPACE"},"content":{"rendered":"","protected":false},"excerpt":{"rendered":"<p>Espace s&rsquo;adapte aux espaces de travail actuels, en recherchant la simplicit\u00e9 des formes et des finitions.<\/p>\n<p>Sa polyvalence nous permettra d&rsquo;obtenir diff\u00e9rents espaces. Programme de collectivit\u00e9s et de bureau sous un m\u00eame nom.<\/p>","protected":false},"featured_media":3016,"comment_status":"open","ping_status":"closed","template":"","meta":[],"product_cat":[48],"product_tag":[],"yoast_head":"<!-- This site is optimized with the Yoast SEO plugin v22.9 - https:\/\/yoast.com\/wordpress\/plugins\/seo\/ -->\n<title>ESPACE - mazoyer-bureaux.fr<\/title>\n<meta name=\"robots\" content=\"index, follow, max-snippet:-1, max-image-preview:large, max-video-preview:-1\" \/>\n<link rel=\"canonical\" href=\"https:\/\/bureaux.mazoyer.fr\/en\/product\/espace\/\" \/>\n<meta property=\"og:locale\" content=\"en_US\" \/>\n<meta property=\"og:type\" content=\"article\" \/>\n<meta property=\"og:title\" content=\"ESPACE - mazoyer-bureaux.fr\" \/>\n<meta property=\"og:description\" content=\"Espace s&#039;adapte aux espaces de travail actuels, en recherchant la simplicit\u00e9 des formes et des finitions.  Sa polyvalence nous permettra d&#039;obtenir diff\u00e9rents espaces. Programme de collectivit\u00e9s et de bureau sous un m\u00eame nom.\" \/>\n<meta property=\"og:url\" content=\"https:\/\/bureaux.mazoyer.fr\/en\/product\/espace\/\" \/>\n<meta property=\"og:site_name\" content=\"mazoyer-bureaux.fr\" \/>\n<meta property=\"og:image\" content=\"https:\/\/bureaux.mazoyer.fr\/wp-content\/uploads\/2024\/07\/Image-62-1.jpeg\" \/>\n\t<meta property=\"og:image:width\" content=\"788\" \/>\n\t<meta property=\"og:image:height\" content=\"430\" \/>\n\t<meta property=\"og:image:type\" content=\"image\/jpeg\" \/>\n<meta name=\"twitter:card\" content=\"summary_large_image\" \/>\n<meta name=\"twitter:label1\" content=\"Est. reading time\" \/>\n\t<meta name=\"twitter:data1\" content=\"1 minute\" \/>\n<script type=\"application\/ld+json\" class=\"yoast-schema-graph\">{\"@context\":\"https:\/\/schema.org\",\"@graph\":[{\"@type\":\"WebPage\",\"@id\":\"https:\/\/bureaux.mazoyer.fr\/produit\/espace\/\",\"url\":\"https:\/\/bureaux.mazoyer.fr\/produit\/espace\/\",\"name\":\"ESPACE - mazoyer-bureaux.fr\",\"isPartOf\":{\"@id\":\"https:\/\/bureaux.mazoyer.fr\/#website\"},\"primaryImageOfPage\":{\"@id\":\"https:\/\/bureaux.mazoyer.fr\/produit\/espace\/#primaryimage\"},\"image\":{\"@id\":\"https:\/\/bureaux.mazoyer.fr\/produit\/espace\/#primaryimage\"},\"thumbnailUrl\":\"https:\/\/bureaux.mazoyer.fr\/wp-content\/uploads\/2024\/07\/Image-62-1.jpeg\",\"datePublished\":\"2024-07-30T12:48:45+00:00\",\"dateModified\":\"2024-07-30T12:48:45+00:00\",\"breadcrumb\":{\"@id\":\"https:\/\/bureaux.mazoyer.fr\/produit\/espace\/#breadcrumb\"},\"inLanguage\":\"en-US\",\"potentialAction\":[{\"@type\":\"ReadAction\",\"target\":[\"https:\/\/bureaux.mazoyer.fr\/produit\/espace\/\"]}]},{\"@type\":\"ImageObject\",\"inLanguage\":\"en-US\",\"@id\":\"https:\/\/bureaux.mazoyer.fr\/produit\/espace\/#primaryimage\",\"url\":\"https:\/\/bureaux.mazoyer.fr\/wp-content\/uploads\/2024\/07\/Image-62-1.jpeg\",\"contentUrl\":\"https:\/\/bureaux.mazoyer.fr\/wp-content\/uploads\/2024\/07\/Image-62-1.jpeg\",\"width\":788,\"height\":430},{\"@type\":\"BreadcrumbList\",\"@id\":\"https:\/\/bureaux.mazoyer.fr\/produit\/espace\/#breadcrumb\",\"itemListElement\":[{\"@type\":\"ListItem\",\"position\":1,\"name\":\"Accueil\",\"item\":\"https:\/\/bureaux.mazoyer.fr\/\"},{\"@type\":\"ListItem\",\"position\":2,\"name\":\"Produits\",\"item\":\"https:\/\/bureaux.mazoyer.fr\/shop\/\"},{\"@type\":\"ListItem\",\"position\":3,\"name\":\"ESPACE\"}]},{\"@type\":\"WebSite\",\"@id\":\"https:\/\/bureaux.mazoyer.fr\/#website\",\"url\":\"https:\/\/bureaux.mazoyer.fr\/\",\"name\":\"mazoyer-bureaux.fr\",\"description\":\"Mat\u00e9riel BTP \u2013 Manutention- Mobilier de Bureau Neuf &amp; Occasion \u2013 Stockage \u2013 Services \u2013 Location courte dur\u00e9e\",\"potentialAction\":[{\"@type\":\"SearchAction\",\"target\":{\"@type\":\"EntryPoint\",\"urlTemplate\":\"https:\/\/bureaux.mazoyer.fr\/?s={search_term_string}\"},\"query-input\":\"required name=search_term_string\"}],\"inLanguage\":\"en-US\"}]}<\/script>\n<!-- \/ Yoast SEO plugin. -->","yoast_head_json":{"title":"ESPACE - mazoyer-bureaux.fr","robots":{"index":"index","follow":"follow","max-snippet":"max-snippet:-1","max-image-preview":"max-image-preview:large","max-video-preview":"max-video-preview:-1"},"canonical":"https:\/\/bureaux.mazoyer.fr\/en\/product\/espace\/","og_locale":"en_US","og_type":"article","og_title":"ESPACE - mazoyer-bureaux.fr","og_description":"Espace s'adapte aux espaces de travail actuels, en recherchant la simplicit\u00e9 des formes et des finitions.  Sa polyvalence nous permettra d'obtenir diff\u00e9rents espaces. Programme de collectivit\u00e9s et de bureau sous un m\u00eame nom.","og_url":"https:\/\/bureaux.mazoyer.fr\/en\/product\/espace\/","og_site_name":"mazoyer-bureaux.fr","og_image":[{"width":788,"height":430,"url":"https:\/\/bureaux.mazoyer.fr\/wp-content\/uploads\/2024\/07\/Image-62-1.jpeg","type":"image\/jpeg"}],"twitter_card":"summary_large_image","twitter_misc":{"Est. reading time":"1 minute"},"schema":{"@context":"https:\/\/schema.org","@graph":[{"@type":"WebPage","@id":"https:\/\/bureaux.mazoyer.fr\/produit\/espace\/","url":"https:\/\/bureaux.mazoyer.fr\/produit\/espace\/","name":"ESPACE - mazoyer-bureaux.fr","isPartOf":{"@id":"https:\/\/bureaux.mazoyer.fr\/#website"},"primaryImageOfPage":{"@id":"https:\/\/bureaux.mazoyer.fr\/produit\/espace\/#primaryimage"},"image":{"@id":"https:\/\/bureaux.mazoyer.fr\/produit\/espace\/#primaryimage"},"thumbnailUrl":"https:\/\/bureaux.mazoyer.fr\/wp-content\/uploads\/2024\/07\/Image-62-1.jpeg","datePublished":"2024-07-30T12:48:45+00:00","dateModified":"2024-07-30T12:48:45+00:00","breadcrumb":{"@id":"https:\/\/bureaux.mazoyer.fr\/produit\/espace\/#breadcrumb"},"inLanguage":"en-US","potentialAction":[{"@type":"ReadAction","target":["https:\/\/bureaux.mazoyer.fr\/produit\/espace\/"]}]},{"@type":"ImageObject","inLanguage":"en-US","@id":"https:\/\/bureaux.mazoyer.fr\/produit\/espace\/#primaryimage","url":"https:\/\/bureaux.mazoyer.fr\/wp-content\/uploads\/2024\/07\/Image-62-1.jpeg","contentUrl":"https:\/\/bureaux.mazoyer.fr\/wp-content\/uploads\/2024\/07\/Image-62-1.jpeg","width":788,"height":430},{"@type":"BreadcrumbList","@id":"https:\/\/bureaux.mazoyer.fr\/produit\/espace\/#breadcrumb","itemListElement":[{"@type":"ListItem","position":1,"name":"Accueil","item":"https:\/\/bureaux.mazoyer.fr\/"},{"@type":"ListItem","position":2,"name":"Produits","item":"https:\/\/bureaux.mazoyer.fr\/shop\/"},{"@type":"ListItem","position":3,"name":"ESPACE"}]},{"@type":"WebSite","@id":"https:\/\/bureaux.mazoyer.fr\/#website","url":"https:\/\/bureaux.mazoyer.fr\/","name":"mazoyer-bureaux.fr","description":"Mat\u00e9riel BTP \u2013 Manutention- Mobilier de Bureau Neuf &amp; Occasion \u2013 Stockage \u2013 Services \u2013 Location courte dur\u00e9e","potentialAction":[{"@type":"SearchAction","target":{"@type":"EntryPoint","urlTemplate":"https:\/\/bureaux.mazoyer.fr\/?s={search_term_string}"},"query-input":"required name=search_term_string"}],"inLanguage":"en-US"}]}},"_links":{"self":[{"href":"https:\/\/bureaux.mazoyer.fr\/en\/wp-json\/wp\/v2\/product\/3015"}],"collection":[{"href":"https:\/\/bureaux.mazoyer.fr\/en\/wp-json\/wp\/v2\/product"}],"about":[{"href":"https:\/\/bureaux.mazoyer.fr\/en\/wp-json\/wp\/v2\/types\/product"}],"replies":[{"embeddable":true,"href":"https:\/\/bureaux.mazoyer.fr\/en\/wp-json\/wp\/v2\/comments?post=3015"}],"wp:featuredmedia":[{"embeddable":true,"href":"https:\/\/bureaux.mazoyer.fr\/en\/wp-json\/wp\/v2\/media\/3016"}],"wp:attachment":[{"href":"https:\/\/bureaux.mazoyer.fr\/en\/wp-json\/wp\/v2\/media?parent=3015"}],"wp:term":[{"taxonomy":"product_cat","embeddable":true,"href":"https:\/\/bureaux.mazoyer.fr\/en\/wp-json\/wp\/v2\/product_cat?post=3015"},{"taxonomy":"product_tag","embeddable":true,"href":"https:\/\/bureaux.mazoyer.fr\/en\/wp-json\/wp\/v2\/product_tag?post=3015"}],"curies":[{"name":"wp","href":"https:\/\/api.w.org\/{rel}","templated":true}]}}