{"id":2982,"date":"2024-07-30T13:56:40","date_gmt":"2024-07-30T11:56:40","guid":{"rendered":"https:\/\/bureaux.mazoyer.fr\/?post_type=product&#038;p=2982"},"modified":"2024-07-30T13:56:40","modified_gmt":"2024-07-30T11:56:40","slug":"rock-1","status":"publish","type":"product","link":"https:\/\/bureaux.mazoyer.fr\/en\/product\/rock-1\/","title":{"rendered":"ROCK 1"},"content":{"rendered":"","protected":false},"excerpt":{"rendered":"<p><b>K1 <\/b>est synonyme de modernit\u00e9 et d&rsquo;\u00e9l\u00e9gance.<\/p>\n<p>Il donne une impression de l\u00e9g\u00e8ret\u00e9, mais sa robustesse est techniquement assur\u00e9e.<\/p>\n<p>Il se caract\u00e9rise par son pied colonne disponible en trois versions de finitions.<\/p>\n<p>Gr\u00e2ce \u00e0 la forme de ses enveloppes de travail, <b>K1 <\/b>est id\u00e9ale pour meubler des bureaux de direction, dans la m\u00eame ligne esth\u00e9tique que le reste de ses installations.<\/p>","protected":false},"featured_media":2983,"comment_status":"open","ping_status":"closed","template":"","meta":[],"product_cat":[45],"product_tag":[],"yoast_head":"<!-- This site is optimized with the Yoast SEO plugin v22.9 - https:\/\/yoast.com\/wordpress\/plugins\/seo\/ -->\n<title>ROCK 1 - mazoyer-bureaux.fr<\/title>\n<meta name=\"robots\" content=\"index, follow, max-snippet:-1, max-image-preview:large, max-video-preview:-1\" \/>\n<link rel=\"canonical\" href=\"https:\/\/bureaux.mazoyer.fr\/en\/product\/rock-1\/\" \/>\n<meta property=\"og:locale\" content=\"en_US\" \/>\n<meta property=\"og:type\" content=\"article\" \/>\n<meta property=\"og:title\" content=\"ROCK 1 - mazoyer-bureaux.fr\" \/>\n<meta property=\"og:description\" content=\"K1 est synonyme de modernit\u00e9 et d&#039;\u00e9l\u00e9gance.  Il donne une impression de l\u00e9g\u00e8ret\u00e9, mais sa robustesse est techniquement assur\u00e9e.  Il se caract\u00e9rise par son pied colonne disponible en trois versions de finitions.  Gr\u00e2ce \u00e0 la forme de ses enveloppes de travail, K1 est id\u00e9ale pour meubler des bureaux de direction, dans la m\u00eame ligne esth\u00e9tique que le reste de ses installations.\" \/>\n<meta property=\"og:url\" content=\"https:\/\/bureaux.mazoyer.fr\/en\/product\/rock-1\/\" \/>\n<meta property=\"og:site_name\" content=\"mazoyer-bureaux.fr\" \/>\n<meta property=\"og:image\" content=\"https:\/\/bureaux.mazoyer.fr\/wp-content\/uploads\/2024\/07\/Image-46-1.jpeg\" \/>\n\t<meta property=\"og:image:width\" content=\"788\" \/>\n\t<meta property=\"og:image:height\" content=\"430\" \/>\n\t<meta property=\"og:image:type\" content=\"image\/jpeg\" \/>\n<meta name=\"twitter:card\" content=\"summary_large_image\" \/>\n<meta name=\"twitter:label1\" content=\"Est. reading time\" \/>\n\t<meta name=\"twitter:data1\" content=\"1 minute\" \/>\n<script type=\"application\/ld+json\" class=\"yoast-schema-graph\">{\"@context\":\"https:\/\/schema.org\",\"@graph\":[{\"@type\":\"WebPage\",\"@id\":\"https:\/\/bureaux.mazoyer.fr\/produit\/rock-1\/\",\"url\":\"https:\/\/bureaux.mazoyer.fr\/produit\/rock-1\/\",\"name\":\"ROCK 1 - mazoyer-bureaux.fr\",\"isPartOf\":{\"@id\":\"https:\/\/bureaux.mazoyer.fr\/#website\"},\"primaryImageOfPage\":{\"@id\":\"https:\/\/bureaux.mazoyer.fr\/produit\/rock-1\/#primaryimage\"},\"image\":{\"@id\":\"https:\/\/bureaux.mazoyer.fr\/produit\/rock-1\/#primaryimage\"},\"thumbnailUrl\":\"https:\/\/bureaux.mazoyer.fr\/wp-content\/uploads\/2024\/07\/Image-46-1.jpeg\",\"datePublished\":\"2024-07-30T11:56:40+00:00\",\"dateModified\":\"2024-07-30T11:56:40+00:00\",\"breadcrumb\":{\"@id\":\"https:\/\/bureaux.mazoyer.fr\/produit\/rock-1\/#breadcrumb\"},\"inLanguage\":\"en-US\",\"potentialAction\":[{\"@type\":\"ReadAction\",\"target\":[\"https:\/\/bureaux.mazoyer.fr\/produit\/rock-1\/\"]}]},{\"@type\":\"ImageObject\",\"inLanguage\":\"en-US\",\"@id\":\"https:\/\/bureaux.mazoyer.fr\/produit\/rock-1\/#primaryimage\",\"url\":\"https:\/\/bureaux.mazoyer.fr\/wp-content\/uploads\/2024\/07\/Image-46-1.jpeg\",\"contentUrl\":\"https:\/\/bureaux.mazoyer.fr\/wp-content\/uploads\/2024\/07\/Image-46-1.jpeg\",\"width\":788,\"height\":430},{\"@type\":\"BreadcrumbList\",\"@id\":\"https:\/\/bureaux.mazoyer.fr\/produit\/rock-1\/#breadcrumb\",\"itemListElement\":[{\"@type\":\"ListItem\",\"position\":1,\"name\":\"Accueil\",\"item\":\"https:\/\/bureaux.mazoyer.fr\/\"},{\"@type\":\"ListItem\",\"position\":2,\"name\":\"Produits\",\"item\":\"https:\/\/bureaux.mazoyer.fr\/shop\/\"},{\"@type\":\"ListItem\",\"position\":3,\"name\":\"ROCK 1\"}]},{\"@type\":\"WebSite\",\"@id\":\"https:\/\/bureaux.mazoyer.fr\/#website\",\"url\":\"https:\/\/bureaux.mazoyer.fr\/\",\"name\":\"mazoyer-bureaux.fr\",\"description\":\"Mat\u00e9riel BTP \u2013 Manutention- Mobilier de Bureau Neuf &amp; Occasion \u2013 Stockage \u2013 Services \u2013 Location courte dur\u00e9e\",\"potentialAction\":[{\"@type\":\"SearchAction\",\"target\":{\"@type\":\"EntryPoint\",\"urlTemplate\":\"https:\/\/bureaux.mazoyer.fr\/?s={search_term_string}\"},\"query-input\":\"required name=search_term_string\"}],\"inLanguage\":\"en-US\"}]}<\/script>\n<!-- \/ Yoast SEO plugin. -->","yoast_head_json":{"title":"ROCK 1 - mazoyer-bureaux.fr","robots":{"index":"index","follow":"follow","max-snippet":"max-snippet:-1","max-image-preview":"max-image-preview:large","max-video-preview":"max-video-preview:-1"},"canonical":"https:\/\/bureaux.mazoyer.fr\/en\/product\/rock-1\/","og_locale":"en_US","og_type":"article","og_title":"ROCK 1 - mazoyer-bureaux.fr","og_description":"K1 est synonyme de modernit\u00e9 et d'\u00e9l\u00e9gance.  Il donne une impression de l\u00e9g\u00e8ret\u00e9, mais sa robustesse est techniquement assur\u00e9e.  Il se caract\u00e9rise par son pied colonne disponible en trois versions de finitions.  Gr\u00e2ce \u00e0 la forme de ses enveloppes de travail, K1 est id\u00e9ale pour meubler des bureaux de direction, dans la m\u00eame ligne esth\u00e9tique que le reste de ses installations.","og_url":"https:\/\/bureaux.mazoyer.fr\/en\/product\/rock-1\/","og_site_name":"mazoyer-bureaux.fr","og_image":[{"width":788,"height":430,"url":"https:\/\/bureaux.mazoyer.fr\/wp-content\/uploads\/2024\/07\/Image-46-1.jpeg","type":"image\/jpeg"}],"twitter_card":"summary_large_image","twitter_misc":{"Est. reading time":"1 minute"},"schema":{"@context":"https:\/\/schema.org","@graph":[{"@type":"WebPage","@id":"https:\/\/bureaux.mazoyer.fr\/produit\/rock-1\/","url":"https:\/\/bureaux.mazoyer.fr\/produit\/rock-1\/","name":"ROCK 1 - mazoyer-bureaux.fr","isPartOf":{"@id":"https:\/\/bureaux.mazoyer.fr\/#website"},"primaryImageOfPage":{"@id":"https:\/\/bureaux.mazoyer.fr\/produit\/rock-1\/#primaryimage"},"image":{"@id":"https:\/\/bureaux.mazoyer.fr\/produit\/rock-1\/#primaryimage"},"thumbnailUrl":"https:\/\/bureaux.mazoyer.fr\/wp-content\/uploads\/2024\/07\/Image-46-1.jpeg","datePublished":"2024-07-30T11:56:40+00:00","dateModified":"2024-07-30T11:56:40+00:00","breadcrumb":{"@id":"https:\/\/bureaux.mazoyer.fr\/produit\/rock-1\/#breadcrumb"},"inLanguage":"en-US","potentialAction":[{"@type":"ReadAction","target":["https:\/\/bureaux.mazoyer.fr\/produit\/rock-1\/"]}]},{"@type":"ImageObject","inLanguage":"en-US","@id":"https:\/\/bureaux.mazoyer.fr\/produit\/rock-1\/#primaryimage","url":"https:\/\/bureaux.mazoyer.fr\/wp-content\/uploads\/2024\/07\/Image-46-1.jpeg","contentUrl":"https:\/\/bureaux.mazoyer.fr\/wp-content\/uploads\/2024\/07\/Image-46-1.jpeg","width":788,"height":430},{"@type":"BreadcrumbList","@id":"https:\/\/bureaux.mazoyer.fr\/produit\/rock-1\/#breadcrumb","itemListElement":[{"@type":"ListItem","position":1,"name":"Accueil","item":"https:\/\/bureaux.mazoyer.fr\/"},{"@type":"ListItem","position":2,"name":"Produits","item":"https:\/\/bureaux.mazoyer.fr\/shop\/"},{"@type":"ListItem","position":3,"name":"ROCK 1"}]},{"@type":"WebSite","@id":"https:\/\/bureaux.mazoyer.fr\/#website","url":"https:\/\/bureaux.mazoyer.fr\/","name":"mazoyer-bureaux.fr","description":"Mat\u00e9riel BTP \u2013 Manutention- Mobilier de Bureau Neuf &amp; Occasion \u2013 Stockage \u2013 Services \u2013 Location courte dur\u00e9e","potentialAction":[{"@type":"SearchAction","target":{"@type":"EntryPoint","urlTemplate":"https:\/\/bureaux.mazoyer.fr\/?s={search_term_string}"},"query-input":"required name=search_term_string"}],"inLanguage":"en-US"}]}},"_links":{"self":[{"href":"https:\/\/bureaux.mazoyer.fr\/en\/wp-json\/wp\/v2\/product\/2982"}],"collection":[{"href":"https:\/\/bureaux.mazoyer.fr\/en\/wp-json\/wp\/v2\/product"}],"about":[{"href":"https:\/\/bureaux.mazoyer.fr\/en\/wp-json\/wp\/v2\/types\/product"}],"replies":[{"embeddable":true,"href":"https:\/\/bureaux.mazoyer.fr\/en\/wp-json\/wp\/v2\/comments?post=2982"}],"wp:featuredmedia":[{"embeddable":true,"href":"https:\/\/bureaux.mazoyer.fr\/en\/wp-json\/wp\/v2\/media\/2983"}],"wp:attachment":[{"href":"https:\/\/bureaux.mazoyer.fr\/en\/wp-json\/wp\/v2\/media?parent=2982"}],"wp:term":[{"taxonomy":"product_cat","embeddable":true,"href":"https:\/\/bureaux.mazoyer.fr\/en\/wp-json\/wp\/v2\/product_cat?post=2982"},{"taxonomy":"product_tag","embeddable":true,"href":"https:\/\/bureaux.mazoyer.fr\/en\/wp-json\/wp\/v2\/product_tag?post=2982"}],"curies":[{"name":"wp","href":"https:\/\/api.w.org\/{rel}","templated":true}]}}