{"id":2980,"date":"2024-07-30T13:54:11","date_gmt":"2024-07-30T11:54:11","guid":{"rendered":"https:\/\/bureaux.mazoyer.fr\/?post_type=product&#038;p=2980"},"modified":"2024-07-30T13:54:11","modified_gmt":"2024-07-30T11:54:11","slug":"rock-3","status":"publish","type":"product","link":"https:\/\/bureaux.mazoyer.fr\/en\/product\/rock-3\/","title":{"rendered":"ROCK 3"},"content":{"rendered":"","protected":false},"excerpt":{"rendered":"<p><b>K3 <\/b>se caract\u00e9rise par un c\u00f4t\u00e9 de type <b>panneau<\/b>.<\/p>\n<p>Il vous permet de meubler votre bureau au meilleur <b>prix<\/b>, avec une grande vari\u00e9t\u00e9 de finitions, sans renoncer \u00e0 la qualit\u00e9 des composants.<\/p>\n<p>Il s&rsquo;agit d&rsquo;une gamme adapt\u00e9e aux r\u00e9glementations en vigueur et qui a \u00e9t\u00e9 d\u00e9velopp\u00e9e selon la philosophie de la s\u00e9rie ROCK.<\/p>\n<p>Avec <b>K3<\/b>, ils obtiendront la meilleure qualit\u00e9 au prix le plus serr\u00e9.<\/p>","protected":false},"featured_media":2981,"comment_status":"open","ping_status":"closed","template":"","meta":[],"product_cat":[45],"product_tag":[],"yoast_head":"<!-- This site is optimized with the Yoast SEO plugin v22.9 - https:\/\/yoast.com\/wordpress\/plugins\/seo\/ -->\n<title>ROCK 3 - mazoyer-bureaux.fr<\/title>\n<meta name=\"robots\" content=\"index, follow, max-snippet:-1, max-image-preview:large, max-video-preview:-1\" \/>\n<link rel=\"canonical\" href=\"https:\/\/bureaux.mazoyer.fr\/en\/product\/rock-3\/\" \/>\n<meta property=\"og:locale\" content=\"en_US\" \/>\n<meta property=\"og:type\" content=\"article\" \/>\n<meta property=\"og:title\" content=\"ROCK 3 - mazoyer-bureaux.fr\" \/>\n<meta property=\"og:description\" content=\"K3 se caract\u00e9rise par un c\u00f4t\u00e9 de type panneau.  Il vous permet de meubler votre bureau au meilleur prix, avec une grande vari\u00e9t\u00e9 de finitions, sans renoncer \u00e0 la qualit\u00e9 des composants.  Il s&#039;agit d&#039;une gamme adapt\u00e9e aux r\u00e9glementations en vigueur et qui a \u00e9t\u00e9 d\u00e9velopp\u00e9e selon la philosophie de la s\u00e9rie ROCK.  Avec K3, ils obtiendront la meilleure qualit\u00e9 au prix le plus serr\u00e9.\" \/>\n<meta property=\"og:url\" content=\"https:\/\/bureaux.mazoyer.fr\/en\/product\/rock-3\/\" \/>\n<meta property=\"og:site_name\" content=\"mazoyer-bureaux.fr\" \/>\n<meta property=\"og:image\" content=\"https:\/\/bureaux.mazoyer.fr\/wp-content\/uploads\/2024\/07\/Image-45-1.jpeg\" \/>\n\t<meta property=\"og:image:width\" content=\"1280\" \/>\n\t<meta property=\"og:image:height\" content=\"700\" \/>\n\t<meta property=\"og:image:type\" content=\"image\/jpeg\" \/>\n<meta name=\"twitter:card\" content=\"summary_large_image\" \/>\n<meta name=\"twitter:label1\" content=\"Est. reading time\" \/>\n\t<meta name=\"twitter:data1\" content=\"1 minute\" \/>\n<script type=\"application\/ld+json\" class=\"yoast-schema-graph\">{\"@context\":\"https:\/\/schema.org\",\"@graph\":[{\"@type\":\"WebPage\",\"@id\":\"https:\/\/bureaux.mazoyer.fr\/produit\/rock-3\/\",\"url\":\"https:\/\/bureaux.mazoyer.fr\/produit\/rock-3\/\",\"name\":\"ROCK 3 - mazoyer-bureaux.fr\",\"isPartOf\":{\"@id\":\"https:\/\/bureaux.mazoyer.fr\/#website\"},\"primaryImageOfPage\":{\"@id\":\"https:\/\/bureaux.mazoyer.fr\/produit\/rock-3\/#primaryimage\"},\"image\":{\"@id\":\"https:\/\/bureaux.mazoyer.fr\/produit\/rock-3\/#primaryimage\"},\"thumbnailUrl\":\"https:\/\/bureaux.mazoyer.fr\/wp-content\/uploads\/2024\/07\/Image-45-1.jpeg\",\"datePublished\":\"2024-07-30T11:54:11+00:00\",\"dateModified\":\"2024-07-30T11:54:11+00:00\",\"breadcrumb\":{\"@id\":\"https:\/\/bureaux.mazoyer.fr\/produit\/rock-3\/#breadcrumb\"},\"inLanguage\":\"en-US\",\"potentialAction\":[{\"@type\":\"ReadAction\",\"target\":[\"https:\/\/bureaux.mazoyer.fr\/produit\/rock-3\/\"]}]},{\"@type\":\"ImageObject\",\"inLanguage\":\"en-US\",\"@id\":\"https:\/\/bureaux.mazoyer.fr\/produit\/rock-3\/#primaryimage\",\"url\":\"https:\/\/bureaux.mazoyer.fr\/wp-content\/uploads\/2024\/07\/Image-45-1.jpeg\",\"contentUrl\":\"https:\/\/bureaux.mazoyer.fr\/wp-content\/uploads\/2024\/07\/Image-45-1.jpeg\",\"width\":1280,\"height\":700},{\"@type\":\"BreadcrumbList\",\"@id\":\"https:\/\/bureaux.mazoyer.fr\/produit\/rock-3\/#breadcrumb\",\"itemListElement\":[{\"@type\":\"ListItem\",\"position\":1,\"name\":\"Accueil\",\"item\":\"https:\/\/bureaux.mazoyer.fr\/\"},{\"@type\":\"ListItem\",\"position\":2,\"name\":\"Produits\",\"item\":\"https:\/\/bureaux.mazoyer.fr\/shop\/\"},{\"@type\":\"ListItem\",\"position\":3,\"name\":\"ROCK 3\"}]},{\"@type\":\"WebSite\",\"@id\":\"https:\/\/bureaux.mazoyer.fr\/#website\",\"url\":\"https:\/\/bureaux.mazoyer.fr\/\",\"name\":\"mazoyer-bureaux.fr\",\"description\":\"Mat\u00e9riel BTP \u2013 Manutention- Mobilier de Bureau Neuf &amp; Occasion \u2013 Stockage \u2013 Services \u2013 Location courte dur\u00e9e\",\"potentialAction\":[{\"@type\":\"SearchAction\",\"target\":{\"@type\":\"EntryPoint\",\"urlTemplate\":\"https:\/\/bureaux.mazoyer.fr\/?s={search_term_string}\"},\"query-input\":\"required name=search_term_string\"}],\"inLanguage\":\"en-US\"}]}<\/script>\n<!-- \/ Yoast SEO plugin. -->","yoast_head_json":{"title":"ROCK 3 - mazoyer-bureaux.fr","robots":{"index":"index","follow":"follow","max-snippet":"max-snippet:-1","max-image-preview":"max-image-preview:large","max-video-preview":"max-video-preview:-1"},"canonical":"https:\/\/bureaux.mazoyer.fr\/en\/product\/rock-3\/","og_locale":"en_US","og_type":"article","og_title":"ROCK 3 - mazoyer-bureaux.fr","og_description":"K3 se caract\u00e9rise par un c\u00f4t\u00e9 de type panneau.  Il vous permet de meubler votre bureau au meilleur prix, avec une grande vari\u00e9t\u00e9 de finitions, sans renoncer \u00e0 la qualit\u00e9 des composants.  Il s'agit d'une gamme adapt\u00e9e aux r\u00e9glementations en vigueur et qui a \u00e9t\u00e9 d\u00e9velopp\u00e9e selon la philosophie de la s\u00e9rie ROCK.  Avec K3, ils obtiendront la meilleure qualit\u00e9 au prix le plus serr\u00e9.","og_url":"https:\/\/bureaux.mazoyer.fr\/en\/product\/rock-3\/","og_site_name":"mazoyer-bureaux.fr","og_image":[{"width":1280,"height":700,"url":"https:\/\/bureaux.mazoyer.fr\/wp-content\/uploads\/2024\/07\/Image-45-1.jpeg","type":"image\/jpeg"}],"twitter_card":"summary_large_image","twitter_misc":{"Est. reading time":"1 minute"},"schema":{"@context":"https:\/\/schema.org","@graph":[{"@type":"WebPage","@id":"https:\/\/bureaux.mazoyer.fr\/produit\/rock-3\/","url":"https:\/\/bureaux.mazoyer.fr\/produit\/rock-3\/","name":"ROCK 3 - mazoyer-bureaux.fr","isPartOf":{"@id":"https:\/\/bureaux.mazoyer.fr\/#website"},"primaryImageOfPage":{"@id":"https:\/\/bureaux.mazoyer.fr\/produit\/rock-3\/#primaryimage"},"image":{"@id":"https:\/\/bureaux.mazoyer.fr\/produit\/rock-3\/#primaryimage"},"thumbnailUrl":"https:\/\/bureaux.mazoyer.fr\/wp-content\/uploads\/2024\/07\/Image-45-1.jpeg","datePublished":"2024-07-30T11:54:11+00:00","dateModified":"2024-07-30T11:54:11+00:00","breadcrumb":{"@id":"https:\/\/bureaux.mazoyer.fr\/produit\/rock-3\/#breadcrumb"},"inLanguage":"en-US","potentialAction":[{"@type":"ReadAction","target":["https:\/\/bureaux.mazoyer.fr\/produit\/rock-3\/"]}]},{"@type":"ImageObject","inLanguage":"en-US","@id":"https:\/\/bureaux.mazoyer.fr\/produit\/rock-3\/#primaryimage","url":"https:\/\/bureaux.mazoyer.fr\/wp-content\/uploads\/2024\/07\/Image-45-1.jpeg","contentUrl":"https:\/\/bureaux.mazoyer.fr\/wp-content\/uploads\/2024\/07\/Image-45-1.jpeg","width":1280,"height":700},{"@type":"BreadcrumbList","@id":"https:\/\/bureaux.mazoyer.fr\/produit\/rock-3\/#breadcrumb","itemListElement":[{"@type":"ListItem","position":1,"name":"Accueil","item":"https:\/\/bureaux.mazoyer.fr\/"},{"@type":"ListItem","position":2,"name":"Produits","item":"https:\/\/bureaux.mazoyer.fr\/shop\/"},{"@type":"ListItem","position":3,"name":"ROCK 3"}]},{"@type":"WebSite","@id":"https:\/\/bureaux.mazoyer.fr\/#website","url":"https:\/\/bureaux.mazoyer.fr\/","name":"mazoyer-bureaux.fr","description":"Mat\u00e9riel BTP \u2013 Manutention- Mobilier de Bureau Neuf &amp; Occasion \u2013 Stockage \u2013 Services \u2013 Location courte dur\u00e9e","potentialAction":[{"@type":"SearchAction","target":{"@type":"EntryPoint","urlTemplate":"https:\/\/bureaux.mazoyer.fr\/?s={search_term_string}"},"query-input":"required name=search_term_string"}],"inLanguage":"en-US"}]}},"_links":{"self":[{"href":"https:\/\/bureaux.mazoyer.fr\/en\/wp-json\/wp\/v2\/product\/2980"}],"collection":[{"href":"https:\/\/bureaux.mazoyer.fr\/en\/wp-json\/wp\/v2\/product"}],"about":[{"href":"https:\/\/bureaux.mazoyer.fr\/en\/wp-json\/wp\/v2\/types\/product"}],"replies":[{"embeddable":true,"href":"https:\/\/bureaux.mazoyer.fr\/en\/wp-json\/wp\/v2\/comments?post=2980"}],"wp:featuredmedia":[{"embeddable":true,"href":"https:\/\/bureaux.mazoyer.fr\/en\/wp-json\/wp\/v2\/media\/2981"}],"wp:attachment":[{"href":"https:\/\/bureaux.mazoyer.fr\/en\/wp-json\/wp\/v2\/media?parent=2980"}],"wp:term":[{"taxonomy":"product_cat","embeddable":true,"href":"https:\/\/bureaux.mazoyer.fr\/en\/wp-json\/wp\/v2\/product_cat?post=2980"},{"taxonomy":"product_tag","embeddable":true,"href":"https:\/\/bureaux.mazoyer.fr\/en\/wp-json\/wp\/v2\/product_tag?post=2980"}],"curies":[{"name":"wp","href":"https:\/\/api.w.org\/{rel}","templated":true}]}}