{"id":2902,"date":"2024-07-30T10:34:05","date_gmt":"2024-07-30T08:34:05","guid":{"rendered":"https:\/\/bureaux.mazoyer.fr\/?post_type=product&#038;p=2902"},"modified":"2024-07-30T11:32:49","modified_gmt":"2024-07-30T09:32:49","slug":"star","status":"publish","type":"product","link":"https:\/\/bureaux.mazoyer.fr\/en\/product\/star\/","title":{"rendered":"STAR*"},"content":{"rendered":"","protected":false},"excerpt":{"rendered":"<p>Fruit de l&rsquo;\u00e9volution de notre syst\u00e8me de d\u00e9veloppement et d&rsquo;\u00e9tude, ce programme est n\u00e9.<\/p>\n<p>Nous cherchons \u00e0 r\u00e9unir de nouvelles surfaces de travail, simples en esth\u00e9tique mais avec un grand pouvoir technologique.<\/p>\n<p>Enveloppes coulissantes en mat\u00e9riaux d\u00e9m\u00e9lamine, <b>stratifi\u00e9s <\/b>et <b>ph\u00e9nolique <\/b>; tous avec des profils m\u00e9talliques trap\u00e9zo\u00efdaux de 50 et 60 mm de large.<\/p>\n<p><b>STAR <\/b>est sans aucun doute un pari d&rsquo;avenir dans le d\u00e9veloppement et l&rsquo;\u00e9volution du mobilier de bureau.<\/p>","protected":false},"featured_media":2903,"comment_status":"open","ping_status":"closed","template":"","meta":[],"product_cat":[44],"product_tag":[],"yoast_head":"<!-- This site is optimized with the Yoast SEO plugin v22.9 - https:\/\/yoast.com\/wordpress\/plugins\/seo\/ -->\n<title>STAR* - mazoyer-bureaux.fr<\/title>\n<meta name=\"robots\" content=\"index, follow, max-snippet:-1, max-image-preview:large, max-video-preview:-1\" \/>\n<link rel=\"canonical\" href=\"https:\/\/bureaux.mazoyer.fr\/en\/product\/star\/\" \/>\n<meta property=\"og:locale\" content=\"en_US\" \/>\n<meta property=\"og:type\" content=\"article\" \/>\n<meta property=\"og:title\" content=\"STAR* - mazoyer-bureaux.fr\" \/>\n<meta property=\"og:description\" content=\"Fruit de l&#039;\u00e9volution de notre syst\u00e8me de d\u00e9veloppement et d&#039;\u00e9tude, ce programme est n\u00e9.  Nous cherchons \u00e0 r\u00e9unir de nouvelles surfaces de travail, simples en esth\u00e9tique mais avec un grand pouvoir technologique.  Enveloppes coulissantes en mat\u00e9riaux d\u00e9m\u00e9lamine, stratifi\u00e9s et ph\u00e9nolique ; tous avec des profils m\u00e9talliques trap\u00e9zo\u00efdaux de 50 et 60 mm de large.  STAR est sans aucun doute un pari d&#039;avenir dans le d\u00e9veloppement et l&#039;\u00e9volution du mobilier de bureau.\" \/>\n<meta property=\"og:url\" content=\"https:\/\/bureaux.mazoyer.fr\/en\/product\/star\/\" \/>\n<meta property=\"og:site_name\" content=\"mazoyer-bureaux.fr\" \/>\n<meta property=\"article:modified_time\" content=\"2024-07-30T09:32:49+00:00\" \/>\n<meta property=\"og:image\" content=\"https:\/\/bureaux.mazoyer.fr\/wp-content\/uploads\/2024\/07\/Image-17.jpeg\" \/>\n\t<meta property=\"og:image:width\" content=\"970\" \/>\n\t<meta property=\"og:image:height\" content=\"530\" \/>\n\t<meta property=\"og:image:type\" content=\"image\/jpeg\" \/>\n<meta name=\"twitter:card\" content=\"summary_large_image\" \/>\n<meta name=\"twitter:label1\" content=\"Est. reading time\" \/>\n\t<meta name=\"twitter:data1\" content=\"1 minute\" \/>\n<script type=\"application\/ld+json\" class=\"yoast-schema-graph\">{\"@context\":\"https:\/\/schema.org\",\"@graph\":[{\"@type\":\"WebPage\",\"@id\":\"https:\/\/bureaux.mazoyer.fr\/produit\/star\/\",\"url\":\"https:\/\/bureaux.mazoyer.fr\/produit\/star\/\",\"name\":\"STAR* - mazoyer-bureaux.fr\",\"isPartOf\":{\"@id\":\"https:\/\/bureaux.mazoyer.fr\/#website\"},\"primaryImageOfPage\":{\"@id\":\"https:\/\/bureaux.mazoyer.fr\/produit\/star\/#primaryimage\"},\"image\":{\"@id\":\"https:\/\/bureaux.mazoyer.fr\/produit\/star\/#primaryimage\"},\"thumbnailUrl\":\"https:\/\/bureaux.mazoyer.fr\/wp-content\/uploads\/2024\/07\/Image-17.jpeg\",\"datePublished\":\"2024-07-30T08:34:05+00:00\",\"dateModified\":\"2024-07-30T09:32:49+00:00\",\"breadcrumb\":{\"@id\":\"https:\/\/bureaux.mazoyer.fr\/produit\/star\/#breadcrumb\"},\"inLanguage\":\"en-US\",\"potentialAction\":[{\"@type\":\"ReadAction\",\"target\":[\"https:\/\/bureaux.mazoyer.fr\/produit\/star\/\"]}]},{\"@type\":\"ImageObject\",\"inLanguage\":\"en-US\",\"@id\":\"https:\/\/bureaux.mazoyer.fr\/produit\/star\/#primaryimage\",\"url\":\"https:\/\/bureaux.mazoyer.fr\/wp-content\/uploads\/2024\/07\/Image-17.jpeg\",\"contentUrl\":\"https:\/\/bureaux.mazoyer.fr\/wp-content\/uploads\/2024\/07\/Image-17.jpeg\",\"width\":970,\"height\":530},{\"@type\":\"BreadcrumbList\",\"@id\":\"https:\/\/bureaux.mazoyer.fr\/produit\/star\/#breadcrumb\",\"itemListElement\":[{\"@type\":\"ListItem\",\"position\":1,\"name\":\"Accueil\",\"item\":\"https:\/\/bureaux.mazoyer.fr\/\"},{\"@type\":\"ListItem\",\"position\":2,\"name\":\"Produits\",\"item\":\"https:\/\/bureaux.mazoyer.fr\/shop\/\"},{\"@type\":\"ListItem\",\"position\":3,\"name\":\"STAR*\"}]},{\"@type\":\"WebSite\",\"@id\":\"https:\/\/bureaux.mazoyer.fr\/#website\",\"url\":\"https:\/\/bureaux.mazoyer.fr\/\",\"name\":\"mazoyer-bureaux.fr\",\"description\":\"Mat\u00e9riel BTP \u2013 Manutention- Mobilier de Bureau Neuf &amp; Occasion \u2013 Stockage \u2013 Services \u2013 Location courte dur\u00e9e\",\"potentialAction\":[{\"@type\":\"SearchAction\",\"target\":{\"@type\":\"EntryPoint\",\"urlTemplate\":\"https:\/\/bureaux.mazoyer.fr\/?s={search_term_string}\"},\"query-input\":\"required name=search_term_string\"}],\"inLanguage\":\"en-US\"}]}<\/script>\n<!-- \/ Yoast SEO plugin. -->","yoast_head_json":{"title":"STAR* - mazoyer-bureaux.fr","robots":{"index":"index","follow":"follow","max-snippet":"max-snippet:-1","max-image-preview":"max-image-preview:large","max-video-preview":"max-video-preview:-1"},"canonical":"https:\/\/bureaux.mazoyer.fr\/en\/product\/star\/","og_locale":"en_US","og_type":"article","og_title":"STAR* - mazoyer-bureaux.fr","og_description":"Fruit de l'\u00e9volution de notre syst\u00e8me de d\u00e9veloppement et d'\u00e9tude, ce programme est n\u00e9.  Nous cherchons \u00e0 r\u00e9unir de nouvelles surfaces de travail, simples en esth\u00e9tique mais avec un grand pouvoir technologique.  Enveloppes coulissantes en mat\u00e9riaux d\u00e9m\u00e9lamine, stratifi\u00e9s et ph\u00e9nolique ; tous avec des profils m\u00e9talliques trap\u00e9zo\u00efdaux de 50 et 60 mm de large.  STAR est sans aucun doute un pari d'avenir dans le d\u00e9veloppement et l'\u00e9volution du mobilier de bureau.","og_url":"https:\/\/bureaux.mazoyer.fr\/en\/product\/star\/","og_site_name":"mazoyer-bureaux.fr","article_modified_time":"2024-07-30T09:32:49+00:00","og_image":[{"width":970,"height":530,"url":"https:\/\/bureaux.mazoyer.fr\/wp-content\/uploads\/2024\/07\/Image-17.jpeg","type":"image\/jpeg"}],"twitter_card":"summary_large_image","twitter_misc":{"Est. reading time":"1 minute"},"schema":{"@context":"https:\/\/schema.org","@graph":[{"@type":"WebPage","@id":"https:\/\/bureaux.mazoyer.fr\/produit\/star\/","url":"https:\/\/bureaux.mazoyer.fr\/produit\/star\/","name":"STAR* - mazoyer-bureaux.fr","isPartOf":{"@id":"https:\/\/bureaux.mazoyer.fr\/#website"},"primaryImageOfPage":{"@id":"https:\/\/bureaux.mazoyer.fr\/produit\/star\/#primaryimage"},"image":{"@id":"https:\/\/bureaux.mazoyer.fr\/produit\/star\/#primaryimage"},"thumbnailUrl":"https:\/\/bureaux.mazoyer.fr\/wp-content\/uploads\/2024\/07\/Image-17.jpeg","datePublished":"2024-07-30T08:34:05+00:00","dateModified":"2024-07-30T09:32:49+00:00","breadcrumb":{"@id":"https:\/\/bureaux.mazoyer.fr\/produit\/star\/#breadcrumb"},"inLanguage":"en-US","potentialAction":[{"@type":"ReadAction","target":["https:\/\/bureaux.mazoyer.fr\/produit\/star\/"]}]},{"@type":"ImageObject","inLanguage":"en-US","@id":"https:\/\/bureaux.mazoyer.fr\/produit\/star\/#primaryimage","url":"https:\/\/bureaux.mazoyer.fr\/wp-content\/uploads\/2024\/07\/Image-17.jpeg","contentUrl":"https:\/\/bureaux.mazoyer.fr\/wp-content\/uploads\/2024\/07\/Image-17.jpeg","width":970,"height":530},{"@type":"BreadcrumbList","@id":"https:\/\/bureaux.mazoyer.fr\/produit\/star\/#breadcrumb","itemListElement":[{"@type":"ListItem","position":1,"name":"Accueil","item":"https:\/\/bureaux.mazoyer.fr\/"},{"@type":"ListItem","position":2,"name":"Produits","item":"https:\/\/bureaux.mazoyer.fr\/shop\/"},{"@type":"ListItem","position":3,"name":"STAR*"}]},{"@type":"WebSite","@id":"https:\/\/bureaux.mazoyer.fr\/#website","url":"https:\/\/bureaux.mazoyer.fr\/","name":"mazoyer-bureaux.fr","description":"Mat\u00e9riel BTP \u2013 Manutention- Mobilier de Bureau Neuf &amp; Occasion \u2013 Stockage \u2013 Services \u2013 Location courte dur\u00e9e","potentialAction":[{"@type":"SearchAction","target":{"@type":"EntryPoint","urlTemplate":"https:\/\/bureaux.mazoyer.fr\/?s={search_term_string}"},"query-input":"required name=search_term_string"}],"inLanguage":"en-US"}]}},"_links":{"self":[{"href":"https:\/\/bureaux.mazoyer.fr\/en\/wp-json\/wp\/v2\/product\/2902"}],"collection":[{"href":"https:\/\/bureaux.mazoyer.fr\/en\/wp-json\/wp\/v2\/product"}],"about":[{"href":"https:\/\/bureaux.mazoyer.fr\/en\/wp-json\/wp\/v2\/types\/product"}],"replies":[{"embeddable":true,"href":"https:\/\/bureaux.mazoyer.fr\/en\/wp-json\/wp\/v2\/comments?post=2902"}],"wp:featuredmedia":[{"embeddable":true,"href":"https:\/\/bureaux.mazoyer.fr\/en\/wp-json\/wp\/v2\/media\/2903"}],"wp:attachment":[{"href":"https:\/\/bureaux.mazoyer.fr\/en\/wp-json\/wp\/v2\/media?parent=2902"}],"wp:term":[{"taxonomy":"product_cat","embeddable":true,"href":"https:\/\/bureaux.mazoyer.fr\/en\/wp-json\/wp\/v2\/product_cat?post=2902"},{"taxonomy":"product_tag","embeddable":true,"href":"https:\/\/bureaux.mazoyer.fr\/en\/wp-json\/wp\/v2\/product_tag?post=2902"}],"curies":[{"name":"wp","href":"https:\/\/api.w.org\/{rel}","templated":true}]}}