{"id":2852,"date":"2024-07-22T09:21:51","date_gmt":"2024-07-22T07:21:51","guid":{"rendered":"https:\/\/bureaux.mazoyer.fr\/?page_id=2852"},"modified":"2024-07-30T16:04:59","modified_gmt":"2024-07-30T14:04:59","slug":"reception","status":"publish","type":"page","link":"https:\/\/bureaux.mazoyer.fr\/en\/reception\/","title":{"rendered":"R\u00e9ception"},"content":{"rendered":"<div data-elementor-type=\"wp-page\" data-elementor-id=\"2852\" class=\"elementor elementor-2852\">\n\t\t\t\t\t\t<section class=\"elementor-section elementor-top-section elementor-element elementor-element-718a1fd9 elementor-section-boxed elementor-section-height-default elementor-section-height-default wpr-particle-no wpr-jarallax-no wpr-parallax-no wpr-sticky-section-no\" data-id=\"718a1fd9\" data-element_type=\"section\" data-settings=\"{&quot;background_background&quot;:&quot;classic&quot;}\">\n\t\t\t\t\t\t\t<div class=\"elementor-background-overlay\"><\/div>\n\t\t\t\t\t\t\t<div class=\"elementor-container elementor-column-gap-default\">\n\t\t\t\t\t<div class=\"elementor-column elementor-col-100 elementor-top-column elementor-element elementor-element-211ec983\" data-id=\"211ec983\" data-element_type=\"column\">\n\t\t\t<div class=\"elementor-widget-wrap elementor-element-populated\">\n\t\t\t\t\t\t<div class=\"elementor-element elementor-element-2b3e6f00 elementor-widget elementor-widget-heading\" data-id=\"2b3e6f00\" data-element_type=\"widget\" data-widget_type=\"heading.default\">\n\t\t\t\t<div class=\"elementor-widget-container\">\n\t\t\t<style>\/*! elementor - v3.21.0 - 18-04-2024 *\/\n.elementor-heading-title{padding:0;margin:0;line-height:1}.elementor-widget-heading .elementor-heading-title[class*=elementor-size-]>a{color:inherit;font-size:inherit;line-height:inherit}.elementor-widget-heading .elementor-heading-title.elementor-size-small{font-size:15px}.elementor-widget-heading .elementor-heading-title.elementor-size-medium{font-size:19px}.elementor-widget-heading .elementor-heading-title.elementor-size-large{font-size:29px}.elementor-widget-heading .elementor-heading-title.elementor-size-xl{font-size:39px}.elementor-widget-heading .elementor-heading-title.elementor-size-xxl{font-size:59px}<\/style><h2 class=\"elementor-heading-title elementor-size-default\">R\u00e9ception<\/h2>\t\t<\/div>\n\t\t\t\t<\/div>\n\t\t\t\t<div class=\"elementor-element elementor-element-879ba4f elementor-widget elementor-widget-text-editor\" data-id=\"879ba4f\" data-element_type=\"widget\" data-widget_type=\"text-editor.default\">\n\t\t\t\t<div class=\"elementor-widget-container\">\n\t\t\t<style>\/*! elementor - v3.21.0 - 18-04-2024 *\/\n.elementor-widget-text-editor.elementor-drop-cap-view-stacked .elementor-drop-cap{background-color:#69727d;color:#fff}.elementor-widget-text-editor.elementor-drop-cap-view-framed .elementor-drop-cap{color:#69727d;border:3px solid;background-color:transparent}.elementor-widget-text-editor:not(.elementor-drop-cap-view-default) .elementor-drop-cap{margin-top:8px}.elementor-widget-text-editor:not(.elementor-drop-cap-view-default) .elementor-drop-cap-letter{width:1em;height:1em}.elementor-widget-text-editor .elementor-drop-cap{float:left;text-align:center;line-height:1;font-size:50px}.elementor-widget-text-editor .elementor-drop-cap-letter{display:inline-block}<\/style>\t\t\t\t<p>Parcourez notre catalogue de vente de mobilier de bureau !<\/p>\t\t\t\t\t\t<\/div>\n\t\t\t\t<\/div>\n\t\t<div class=\"elementor-element elementor-element-23fbe554 e-flex e-con-boxed wpr-particle-no wpr-jarallax-no wpr-parallax-no wpr-sticky-section-no e-con e-parent\" data-id=\"23fbe554\" data-element_type=\"container\">\n\t\t\t\t\t<div class=\"e-con-inner\">\n\t\t<div class=\"elementor-element elementor-element-7b0494cb e-con-full e-flex wpr-particle-no wpr-jarallax-no wpr-parallax-no wpr-sticky-section-no e-con e-child\" data-id=\"7b0494cb\" data-element_type=\"container\">\n\t\t\t\t<div class=\"elementor-element elementor-element-5e5942e5 wpr-button-icon-style-inline wpr-button-icon-position-right elementor-widget elementor-widget-wpr-button\" data-id=\"5e5942e5\" data-element_type=\"widget\" data-widget_type=\"wpr-button.default\">\n\t\t\t\t<div class=\"elementor-widget-container\">\n\t\t\t\t\n\t\t\t\n\t\t\n\t\t<div class=\"wpr-button-wrap elementor-clearfix\">\n\t\t<a class=\"wpr-button wpr-button-effect wpr-button-none\" data-text=\"Go\" href=\"https:\/\/bureaux.mazoyer.fr\/en\/contact\/\">\n\t\t\t\n\t\t\t<span class=\"wpr-button-content\">\n\t\t\t\t\t\t\t\t\t<span class=\"wpr-button-text\">Contactez nos sp\u00e9cialistes en mobilier de bureau<\/span>\n\t\t\t\t\t\t\t\t\n\t\t\t\t\t\t\t\t\t<span class=\"wpr-button-icon\"><svg class=\"e-font-icon-svg e-fas-chevron-right\" viewbox=\"0 0 320 512\" xmlns=\"http:\/\/www.w3.org\/2000\/svg\"><path d=\"M285.476 272.971L91.132 467.314c-9.373 9.373-24.569 9.373-33.941 0l-22.667-22.667c-9.357-9.357-9.375-24.522-.04-33.901L188.505 256 34.484 101.255c-9.335-9.379-9.317-24.544.04-33.901l22.667-22.667c9.373-9.373 24.569-9.373 33.941 0L285.475 239.03c9.373 9.372 9.373 24.568.001 33.941z\"><\/path><\/svg><\/span>\n\t\t\t\t\t\t\t<\/span>\n\t\t<\/a>\n\n\t\t\t\t<\/div>\n\t\n\t\n\t\t\t<\/div>\n\t\t\t\t<\/div>\n\t\t\t\t<\/div>\n\t\t\t\t\t<\/div>\n\t\t\t\t<\/div>\n\t\t\t\t\t<\/div>\n\t\t<\/div>\n\t\t\t\t\t<\/div>\n\t\t<\/section>\n\t\t<div class=\"elementor-element elementor-element-57c5a9c0 e-flex e-con-boxed wpr-particle-no wpr-jarallax-no wpr-parallax-no wpr-sticky-section-no e-con e-parent\" data-id=\"57c5a9c0\" data-element_type=\"container\">\n\t\t\t\t\t<div class=\"e-con-inner\">\n\t\t<div class=\"elementor-element elementor-element-38a47d7a e-flex e-con-boxed wpr-particle-no wpr-jarallax-no wpr-parallax-no wpr-sticky-section-no e-con e-child\" data-id=\"38a47d7a\" data-element_type=\"container\">\n\t\t\t\t\t<div class=\"e-con-inner\">\n\t\t\t\t<div class=\"elementor-element elementor-element-6100c964 elementor-widget elementor-widget-heading\" data-id=\"6100c964\" data-element_type=\"widget\" data-widget_type=\"heading.default\">\n\t\t\t\t<div class=\"elementor-widget-container\">\n\t\t\t<h2 class=\"elementor-heading-title elementor-size-default\">R\u00e9ception <\/h2>\t\t<\/div>\n\t\t\t\t<\/div>\n\t\t\t\t\t<\/div>\n\t\t\t\t<\/div>\n\t\t\t\t\t<\/div>\n\t\t\t\t<\/div>\n\t\t<div class=\"elementor-element elementor-element-17bcc334 e-grid e-con-boxed wpr-particle-no wpr-jarallax-no wpr-parallax-no wpr-sticky-section-no e-con e-parent\" data-id=\"17bcc334\" data-element_type=\"container\">\n\t\t\t\t\t<div class=\"e-con-inner\">\n\t\t\t\t<div class=\"elementor-element elementor-element-7b77a95a elementor-widget elementor-widget-image\" data-id=\"7b77a95a\" data-element_type=\"widget\" data-widget_type=\"image.default\">\n\t\t\t\t<div class=\"elementor-widget-container\">\n\t\t\t<style>\/*! elementor - v3.21.0 - 18-04-2024 *\/\n.elementor-widget-image{text-align:center}.elementor-widget-image a{display:inline-block}.elementor-widget-image a img[src$=\".svg\"]{width:48px}.elementor-widget-image img{vertical-align:middle;display:inline-block}<\/style>\t\t\t\t\t\t\t\t\t\t\t<a href=\"https:\/\/bureaux.mazoyer.fr\/en\/product\/delta\/\">\n\t\t\t\t\t\t\t<img fetchpriority=\"high\" decoding=\"async\" width=\"960\" height=\"522\" src=\"https:\/\/bureaux.mazoyer.fr\/wp-content\/uploads\/2024\/07\/Colorful-Creative-Doodle-Pattern-Blank-Notes-Page-Border.zip-1-2-1024x557.jpeg\" class=\"attachment-large size-large wp-image-2855\" alt=\"\" srcset=\"https:\/\/bureaux.mazoyer.fr\/wp-content\/uploads\/2024\/07\/Colorful-Creative-Doodle-Pattern-Blank-Notes-Page-Border.zip-1-2-1024x557.jpeg 1024w, https:\/\/bureaux.mazoyer.fr\/wp-content\/uploads\/2024\/07\/Colorful-Creative-Doodle-Pattern-Blank-Notes-Page-Border.zip-1-2-300x163.jpeg 300w, https:\/\/bureaux.mazoyer.fr\/wp-content\/uploads\/2024\/07\/Colorful-Creative-Doodle-Pattern-Blank-Notes-Page-Border.zip-1-2-768x417.jpeg 768w, https:\/\/bureaux.mazoyer.fr\/wp-content\/uploads\/2024\/07\/Colorful-Creative-Doodle-Pattern-Blank-Notes-Page-Border.zip-1-2-1536x835.jpeg 1536w, https:\/\/bureaux.mazoyer.fr\/wp-content\/uploads\/2024\/07\/Colorful-Creative-Doodle-Pattern-Blank-Notes-Page-Border.zip-1-2-18x10.jpeg 18w, https:\/\/bureaux.mazoyer.fr\/wp-content\/uploads\/2024\/07\/Colorful-Creative-Doodle-Pattern-Blank-Notes-Page-Border.zip-1-2-600x326.jpeg 600w, https:\/\/bureaux.mazoyer.fr\/wp-content\/uploads\/2024\/07\/Colorful-Creative-Doodle-Pattern-Blank-Notes-Page-Border.zip-1-2.jpeg 2000w\" sizes=\"(max-width: 960px) 100vw, 960px\" \/>\t\t\t\t\t\t\t\t<\/a>\n\t\t\t\t\t\t\t\t\t\t\t\t\t<\/div>\n\t\t\t\t<\/div>\n\t\t\t\t<div class=\"elementor-element elementor-element-3905a8e7 elementor-widget elementor-widget-image\" data-id=\"3905a8e7\" data-element_type=\"widget\" data-widget_type=\"image.default\">\n\t\t\t\t<div class=\"elementor-widget-container\">\n\t\t\t\t\t\t\t\t\t\t\t\t\t\t<a href=\"https:\/\/bureaux.mazoyer.fr\/en\/product\/rock-reception\/\">\n\t\t\t\t\t\t\t<img decoding=\"async\" width=\"960\" height=\"523\" src=\"https:\/\/bureaux.mazoyer.fr\/wp-content\/uploads\/2024\/07\/Colorful-Creative-Doodle-Pattern-Blank-Notes-Page-Border.zip-2-2-1024x558.jpeg\" class=\"attachment-large size-large wp-image-2856\" alt=\"\" srcset=\"https:\/\/bureaux.mazoyer.fr\/wp-content\/uploads\/2024\/07\/Colorful-Creative-Doodle-Pattern-Blank-Notes-Page-Border.zip-2-2-1024x558.jpeg 1024w, https:\/\/bureaux.mazoyer.fr\/wp-content\/uploads\/2024\/07\/Colorful-Creative-Doodle-Pattern-Blank-Notes-Page-Border.zip-2-2-300x163.jpeg 300w, https:\/\/bureaux.mazoyer.fr\/wp-content\/uploads\/2024\/07\/Colorful-Creative-Doodle-Pattern-Blank-Notes-Page-Border.zip-2-2-768x418.jpeg 768w, https:\/\/bureaux.mazoyer.fr\/wp-content\/uploads\/2024\/07\/Colorful-Creative-Doodle-Pattern-Blank-Notes-Page-Border.zip-2-2-1536x836.jpeg 1536w, https:\/\/bureaux.mazoyer.fr\/wp-content\/uploads\/2024\/07\/Colorful-Creative-Doodle-Pattern-Blank-Notes-Page-Border.zip-2-2-18x10.jpeg 18w, https:\/\/bureaux.mazoyer.fr\/wp-content\/uploads\/2024\/07\/Colorful-Creative-Doodle-Pattern-Blank-Notes-Page-Border.zip-2-2-600x327.jpeg 600w, https:\/\/bureaux.mazoyer.fr\/wp-content\/uploads\/2024\/07\/Colorful-Creative-Doodle-Pattern-Blank-Notes-Page-Border.zip-2-2.jpeg 2000w\" sizes=\"(max-width: 960px) 100vw, 960px\" \/>\t\t\t\t\t\t\t\t<\/a>\n\t\t\t\t\t\t\t\t\t\t\t\t\t<\/div>\n\t\t\t\t<\/div>\n\t\t\t\t\t<\/div>\n\t\t\t\t<\/div>\n\t\t\t\t<\/div>","protected":false},"excerpt":{"rendered":"<p>R\u00e9ception Parcourez notre catalogue de vente de mobilier de bureau ! Contactez nos sp\u00e9cialistes en mobilier de bureau R\u00e9ception<\/p>","protected":false},"author":2,"featured_media":0,"parent":0,"menu_order":0,"comment_status":"closed","ping_status":"closed","template":"elementor_canvas","meta":{"footnotes":""},"yoast_head":"<!-- This site is optimized with the Yoast SEO plugin v22.9 - https:\/\/yoast.com\/wordpress\/plugins\/seo\/ -->\n<title>R\u00e9ception - mazoyer-bureaux.fr<\/title>\n<meta name=\"robots\" content=\"index, follow, max-snippet:-1, max-image-preview:large, max-video-preview:-1\" \/>\n<link rel=\"canonical\" href=\"https:\/\/bureaux.mazoyer.fr\/en\/reception\/\" \/>\n<meta property=\"og:locale\" content=\"en_US\" \/>\n<meta property=\"og:type\" content=\"article\" \/>\n<meta property=\"og:title\" content=\"R\u00e9ception - mazoyer-bureaux.fr\" \/>\n<meta property=\"og:description\" content=\"R\u00e9ception Parcourez notre catalogue de vente de mobilier de bureau ! Contactez nos sp\u00e9cialistes en mobilier de bureau R\u00e9ception\" \/>\n<meta property=\"og:url\" content=\"https:\/\/bureaux.mazoyer.fr\/en\/reception\/\" \/>\n<meta property=\"og:site_name\" content=\"mazoyer-bureaux.fr\" \/>\n<meta property=\"article:modified_time\" content=\"2024-07-30T14:04:59+00:00\" \/>\n<meta property=\"og:image\" content=\"https:\/\/bureaux.mazoyer.fr\/wp-content\/uploads\/2024\/07\/Colorful-Creative-Doodle-Pattern-Blank-Notes-Page-Border.zip-1-2-1024x557.jpeg\" \/>\n<meta name=\"twitter:card\" content=\"summary_large_image\" \/>\n<meta name=\"twitter:label1\" content=\"Est. reading time\" \/>\n\t<meta name=\"twitter:data1\" content=\"1 minute\" \/>\n<script type=\"application\/ld+json\" class=\"yoast-schema-graph\">{\"@context\":\"https:\/\/schema.org\",\"@graph\":[{\"@type\":\"WebPage\",\"@id\":\"https:\/\/bureaux.mazoyer.fr\/reception\/\",\"url\":\"https:\/\/bureaux.mazoyer.fr\/reception\/\",\"name\":\"R\u00e9ception - mazoyer-bureaux.fr\",\"isPartOf\":{\"@id\":\"https:\/\/bureaux.mazoyer.fr\/#website\"},\"primaryImageOfPage\":{\"@id\":\"https:\/\/bureaux.mazoyer.fr\/reception\/#primaryimage\"},\"image\":{\"@id\":\"https:\/\/bureaux.mazoyer.fr\/reception\/#primaryimage\"},\"thumbnailUrl\":\"https:\/\/bureaux.mazoyer.fr\/wp-content\/uploads\/2024\/07\/Colorful-Creative-Doodle-Pattern-Blank-Notes-Page-Border.zip-1-2-1024x557.jpeg\",\"datePublished\":\"2024-07-22T07:21:51+00:00\",\"dateModified\":\"2024-07-30T14:04:59+00:00\",\"breadcrumb\":{\"@id\":\"https:\/\/bureaux.mazoyer.fr\/reception\/#breadcrumb\"},\"inLanguage\":\"en-US\",\"potentialAction\":[{\"@type\":\"ReadAction\",\"target\":[\"https:\/\/bureaux.mazoyer.fr\/reception\/\"]}]},{\"@type\":\"ImageObject\",\"inLanguage\":\"en-US\",\"@id\":\"https:\/\/bureaux.mazoyer.fr\/reception\/#primaryimage\",\"url\":\"https:\/\/bureaux.mazoyer.fr\/wp-content\/uploads\/2024\/07\/Colorful-Creative-Doodle-Pattern-Blank-Notes-Page-Border.zip-1-2-1024x557.jpeg\",\"contentUrl\":\"https:\/\/bureaux.mazoyer.fr\/wp-content\/uploads\/2024\/07\/Colorful-Creative-Doodle-Pattern-Blank-Notes-Page-Border.zip-1-2-1024x557.jpeg\"},{\"@type\":\"BreadcrumbList\",\"@id\":\"https:\/\/bureaux.mazoyer.fr\/reception\/#breadcrumb\",\"itemListElement\":[{\"@type\":\"ListItem\",\"position\":1,\"name\":\"Accueil\",\"item\":\"https:\/\/bureaux.mazoyer.fr\/\"},{\"@type\":\"ListItem\",\"position\":2,\"name\":\"R\u00e9ception\"}]},{\"@type\":\"WebSite\",\"@id\":\"https:\/\/bureaux.mazoyer.fr\/#website\",\"url\":\"https:\/\/bureaux.mazoyer.fr\/\",\"name\":\"mazoyer-bureaux.fr\",\"description\":\"Mat\u00e9riel BTP \u2013 Manutention- Mobilier de Bureau Neuf &amp; Occasion \u2013 Stockage \u2013 Services \u2013 Location courte dur\u00e9e\",\"potentialAction\":[{\"@type\":\"SearchAction\",\"target\":{\"@type\":\"EntryPoint\",\"urlTemplate\":\"https:\/\/bureaux.mazoyer.fr\/?s={search_term_string}\"},\"query-input\":\"required name=search_term_string\"}],\"inLanguage\":\"en-US\"}]}<\/script>\n<!-- \/ Yoast SEO plugin. -->","yoast_head_json":{"title":"R\u00e9ception - mazoyer-bureaux.fr","robots":{"index":"index","follow":"follow","max-snippet":"max-snippet:-1","max-image-preview":"max-image-preview:large","max-video-preview":"max-video-preview:-1"},"canonical":"https:\/\/bureaux.mazoyer.fr\/en\/reception\/","og_locale":"en_US","og_type":"article","og_title":"R\u00e9ception - mazoyer-bureaux.fr","og_description":"R\u00e9ception Parcourez notre catalogue de vente de mobilier de bureau ! Contactez nos sp\u00e9cialistes en mobilier de bureau R\u00e9ception","og_url":"https:\/\/bureaux.mazoyer.fr\/en\/reception\/","og_site_name":"mazoyer-bureaux.fr","article_modified_time":"2024-07-30T14:04:59+00:00","og_image":[{"url":"https:\/\/bureaux.mazoyer.fr\/wp-content\/uploads\/2024\/07\/Colorful-Creative-Doodle-Pattern-Blank-Notes-Page-Border.zip-1-2-1024x557.jpeg"}],"twitter_card":"summary_large_image","twitter_misc":{"Est. reading time":"1 minute"},"schema":{"@context":"https:\/\/schema.org","@graph":[{"@type":"WebPage","@id":"https:\/\/bureaux.mazoyer.fr\/reception\/","url":"https:\/\/bureaux.mazoyer.fr\/reception\/","name":"R\u00e9ception - mazoyer-bureaux.fr","isPartOf":{"@id":"https:\/\/bureaux.mazoyer.fr\/#website"},"primaryImageOfPage":{"@id":"https:\/\/bureaux.mazoyer.fr\/reception\/#primaryimage"},"image":{"@id":"https:\/\/bureaux.mazoyer.fr\/reception\/#primaryimage"},"thumbnailUrl":"https:\/\/bureaux.mazoyer.fr\/wp-content\/uploads\/2024\/07\/Colorful-Creative-Doodle-Pattern-Blank-Notes-Page-Border.zip-1-2-1024x557.jpeg","datePublished":"2024-07-22T07:21:51+00:00","dateModified":"2024-07-30T14:04:59+00:00","breadcrumb":{"@id":"https:\/\/bureaux.mazoyer.fr\/reception\/#breadcrumb"},"inLanguage":"en-US","potentialAction":[{"@type":"ReadAction","target":["https:\/\/bureaux.mazoyer.fr\/reception\/"]}]},{"@type":"ImageObject","inLanguage":"en-US","@id":"https:\/\/bureaux.mazoyer.fr\/reception\/#primaryimage","url":"https:\/\/bureaux.mazoyer.fr\/wp-content\/uploads\/2024\/07\/Colorful-Creative-Doodle-Pattern-Blank-Notes-Page-Border.zip-1-2-1024x557.jpeg","contentUrl":"https:\/\/bureaux.mazoyer.fr\/wp-content\/uploads\/2024\/07\/Colorful-Creative-Doodle-Pattern-Blank-Notes-Page-Border.zip-1-2-1024x557.jpeg"},{"@type":"BreadcrumbList","@id":"https:\/\/bureaux.mazoyer.fr\/reception\/#breadcrumb","itemListElement":[{"@type":"ListItem","position":1,"name":"Accueil","item":"https:\/\/bureaux.mazoyer.fr\/"},{"@type":"ListItem","position":2,"name":"R\u00e9ception"}]},{"@type":"WebSite","@id":"https:\/\/bureaux.mazoyer.fr\/#website","url":"https:\/\/bureaux.mazoyer.fr\/","name":"mazoyer-bureaux.fr","description":"Mat\u00e9riel BTP \u2013 Manutention- Mobilier de Bureau Neuf &amp; Occasion \u2013 Stockage \u2013 Services \u2013 Location courte dur\u00e9e","potentialAction":[{"@type":"SearchAction","target":{"@type":"EntryPoint","urlTemplate":"https:\/\/bureaux.mazoyer.fr\/?s={search_term_string}"},"query-input":"required name=search_term_string"}],"inLanguage":"en-US"}]}},"_links":{"self":[{"href":"https:\/\/bureaux.mazoyer.fr\/en\/wp-json\/wp\/v2\/pages\/2852"}],"collection":[{"href":"https:\/\/bureaux.mazoyer.fr\/en\/wp-json\/wp\/v2\/pages"}],"about":[{"href":"https:\/\/bureaux.mazoyer.fr\/en\/wp-json\/wp\/v2\/types\/page"}],"author":[{"embeddable":true,"href":"https:\/\/bureaux.mazoyer.fr\/en\/wp-json\/wp\/v2\/users\/2"}],"replies":[{"embeddable":true,"href":"https:\/\/bureaux.mazoyer.fr\/en\/wp-json\/wp\/v2\/comments?post=2852"}],"version-history":[{"count":14,"href":"https:\/\/bureaux.mazoyer.fr\/en\/wp-json\/wp\/v2\/pages\/2852\/revisions"}],"predecessor-version":[{"id":3074,"href":"https:\/\/bureaux.mazoyer.fr\/en\/wp-json\/wp\/v2\/pages\/2852\/revisions\/3074"}],"wp:attachment":[{"href":"https:\/\/bureaux.mazoyer.fr\/en\/wp-json\/wp\/v2\/media?parent=2852"}],"curies":[{"name":"wp","href":"https:\/\/api.w.org\/{rel}","templated":true}]}}