{"id":2779,"date":"2024-07-19T11:38:18","date_gmt":"2024-07-19T09:38:18","guid":{"rendered":"https:\/\/bureaux.mazoyer.fr\/?page_id=2779"},"modified":"2024-07-30T14:01:15","modified_gmt":"2024-07-30T12:01:15","slug":"tables-operationnelles","status":"publish","type":"page","link":"https:\/\/bureaux.mazoyer.fr\/en\/tables-operationnelles\/","title":{"rendered":"Tables op\u00e9rationnelles"},"content":{"rendered":"<div data-elementor-type=\"wp-page\" data-elementor-id=\"2779\" class=\"elementor elementor-2779\">\n\t\t\t\t\t\t<section class=\"elementor-section elementor-top-section elementor-element elementor-element-58fa4c5c elementor-section-boxed elementor-section-height-default elementor-section-height-default wpr-particle-no wpr-jarallax-no wpr-parallax-no wpr-sticky-section-no\" data-id=\"58fa4c5c\" data-element_type=\"section\" data-settings=\"{&quot;background_background&quot;:&quot;classic&quot;}\">\n\t\t\t\t\t\t\t<div class=\"elementor-background-overlay\"><\/div>\n\t\t\t\t\t\t\t<div class=\"elementor-container elementor-column-gap-default\">\n\t\t\t\t\t<div class=\"elementor-column elementor-col-100 elementor-top-column elementor-element elementor-element-684f4b73\" data-id=\"684f4b73\" data-element_type=\"column\">\n\t\t\t<div class=\"elementor-widget-wrap elementor-element-populated\">\n\t\t\t\t\t\t<div class=\"elementor-element elementor-element-71324f9a elementor-widget elementor-widget-heading\" data-id=\"71324f9a\" data-element_type=\"widget\" data-widget_type=\"heading.default\">\n\t\t\t\t<div class=\"elementor-widget-container\">\n\t\t\t<style>\/*! elementor - v3.21.0 - 18-04-2024 *\/\n.elementor-heading-title{padding:0;margin:0;line-height:1}.elementor-widget-heading .elementor-heading-title[class*=elementor-size-]>a{color:inherit;font-size:inherit;line-height:inherit}.elementor-widget-heading .elementor-heading-title.elementor-size-small{font-size:15px}.elementor-widget-heading .elementor-heading-title.elementor-size-medium{font-size:19px}.elementor-widget-heading .elementor-heading-title.elementor-size-large{font-size:29px}.elementor-widget-heading .elementor-heading-title.elementor-size-xl{font-size:39px}.elementor-widget-heading .elementor-heading-title.elementor-size-xxl{font-size:59px}<\/style><h2 class=\"elementor-heading-title elementor-size-default\">Tables op\u00e9rationnelles <\/h2>\t\t<\/div>\n\t\t\t\t<\/div>\n\t\t\t\t<div class=\"elementor-element elementor-element-75ef9707 elementor-widget elementor-widget-text-editor\" data-id=\"75ef9707\" data-element_type=\"widget\" data-widget_type=\"text-editor.default\">\n\t\t\t\t<div class=\"elementor-widget-container\">\n\t\t\t<style>\/*! elementor - v3.21.0 - 18-04-2024 *\/\n.elementor-widget-text-editor.elementor-drop-cap-view-stacked .elementor-drop-cap{background-color:#69727d;color:#fff}.elementor-widget-text-editor.elementor-drop-cap-view-framed .elementor-drop-cap{color:#69727d;border:3px solid;background-color:transparent}.elementor-widget-text-editor:not(.elementor-drop-cap-view-default) .elementor-drop-cap{margin-top:8px}.elementor-widget-text-editor:not(.elementor-drop-cap-view-default) .elementor-drop-cap-letter{width:1em;height:1em}.elementor-widget-text-editor .elementor-drop-cap{float:left;text-align:center;line-height:1;font-size:50px}.elementor-widget-text-editor .elementor-drop-cap-letter{display:inline-block}<\/style>\t\t\t\t<p>Parcourez notre catalogue de vente de mobilier de bureau !<\/p>\t\t\t\t\t\t<\/div>\n\t\t\t\t<\/div>\n\t\t<div class=\"elementor-element elementor-element-4618806e e-flex e-con-boxed wpr-particle-no wpr-jarallax-no wpr-parallax-no wpr-sticky-section-no e-con e-parent\" data-id=\"4618806e\" data-element_type=\"container\">\n\t\t\t\t\t<div class=\"e-con-inner\">\n\t\t<div class=\"elementor-element elementor-element-6b1ba50e e-con-full e-flex wpr-particle-no wpr-jarallax-no wpr-parallax-no wpr-sticky-section-no e-con e-child\" data-id=\"6b1ba50e\" data-element_type=\"container\">\n\t\t\t\t<div class=\"elementor-element elementor-element-2b1d9584 wpr-button-icon-style-inline wpr-button-icon-position-right elementor-widget elementor-widget-wpr-button\" data-id=\"2b1d9584\" data-element_type=\"widget\" data-widget_type=\"wpr-button.default\">\n\t\t\t\t<div class=\"elementor-widget-container\">\n\t\t\t\t\n\t\t\t\n\t\t\n\t\t<div class=\"wpr-button-wrap elementor-clearfix\">\n\t\t<a class=\"wpr-button wpr-button-effect wpr-button-none\" data-text=\"Go\" href=\"https:\/\/bureaux.mazoyer.fr\/en\/contact\/\">\n\t\t\t\n\t\t\t<span class=\"wpr-button-content\">\n\t\t\t\t\t\t\t\t\t<span class=\"wpr-button-text\">Contactez nos sp\u00e9cialistes en mobilier de bureau<\/span>\n\t\t\t\t\t\t\t\t\n\t\t\t\t\t\t\t\t\t<span class=\"wpr-button-icon\"><svg class=\"e-font-icon-svg e-fas-chevron-right\" viewbox=\"0 0 320 512\" xmlns=\"http:\/\/www.w3.org\/2000\/svg\"><path d=\"M285.476 272.971L91.132 467.314c-9.373 9.373-24.569 9.373-33.941 0l-22.667-22.667c-9.357-9.357-9.375-24.522-.04-33.901L188.505 256 34.484 101.255c-9.335-9.379-9.317-24.544.04-33.901l22.667-22.667c9.373-9.373 24.569-9.373 33.941 0L285.475 239.03c9.373 9.372 9.373 24.568.001 33.941z\"><\/path><\/svg><\/span>\n\t\t\t\t\t\t\t<\/span>\n\t\t<\/a>\n\n\t\t\t\t<\/div>\n\t\n\t\n\t\t\t<\/div>\n\t\t\t\t<\/div>\n\t\t\t\t<\/div>\n\t\t\t\t\t<\/div>\n\t\t\t\t<\/div>\n\t\t\t\t\t<\/div>\n\t\t<\/div>\n\t\t\t\t\t<\/div>\n\t\t<\/section>\n\t\t<div class=\"elementor-element elementor-element-2ae57add e-flex e-con-boxed wpr-particle-no wpr-jarallax-no wpr-parallax-no wpr-sticky-section-no e-con e-parent\" data-id=\"2ae57add\" data-element_type=\"container\">\n\t\t\t\t\t<div class=\"e-con-inner\">\n\t\t<div class=\"elementor-element elementor-element-37e991b5 e-flex e-con-boxed wpr-particle-no wpr-jarallax-no wpr-parallax-no wpr-sticky-section-no e-con e-child\" data-id=\"37e991b5\" data-element_type=\"container\">\n\t\t\t\t\t<div class=\"e-con-inner\">\n\t\t\t\t<div class=\"elementor-element elementor-element-11944b8d elementor-widget elementor-widget-heading\" data-id=\"11944b8d\" data-element_type=\"widget\" data-widget_type=\"heading.default\">\n\t\t\t\t<div class=\"elementor-widget-container\">\n\t\t\t<h2 class=\"elementor-heading-title elementor-size-default\">Tables op\u00e9rationnelles<\/h2>\t\t<\/div>\n\t\t\t\t<\/div>\n\t\t\t\t\t<\/div>\n\t\t\t\t<\/div>\n\t\t\t\t\t<\/div>\n\t\t\t\t<\/div>\n\t\t<div class=\"elementor-element elementor-element-20917f80 e-grid e-con-boxed wpr-particle-no wpr-jarallax-no wpr-parallax-no wpr-sticky-section-no e-con e-parent\" data-id=\"20917f80\" data-element_type=\"container\">\n\t\t\t\t\t<div class=\"e-con-inner\">\n\t\t\t\t<div class=\"elementor-element elementor-element-33cad8e elementor-widget elementor-widget-image\" data-id=\"33cad8e\" data-element_type=\"widget\" data-widget_type=\"image.default\">\n\t\t\t\t<div class=\"elementor-widget-container\">\n\t\t\t<style>\/*! elementor - v3.21.0 - 18-04-2024 *\/\n.elementor-widget-image{text-align:center}.elementor-widget-image a{display:inline-block}.elementor-widget-image a img[src$=\".svg\"]{width:48px}.elementor-widget-image img{vertical-align:middle;display:inline-block}<\/style>\t\t\t\t\t\t\t\t\t\t\t<a href=\"https:\/\/bureaux.mazoyer.fr\/en\/product\/sigma\/\">\n\t\t\t\t\t\t\t<img fetchpriority=\"high\" decoding=\"async\" width=\"960\" height=\"522\" src=\"https:\/\/bureaux.mazoyer.fr\/wp-content\/uploads\/2024\/07\/Colorful-Creative-Doodle-Pattern-Blank-Notes-Page-Border.zip-9-1024x557.jpeg\" class=\"attachment-large size-large wp-image-2782\" alt=\"\" srcset=\"https:\/\/bureaux.mazoyer.fr\/wp-content\/uploads\/2024\/07\/Colorful-Creative-Doodle-Pattern-Blank-Notes-Page-Border.zip-9-1024x557.jpeg 1024w, https:\/\/bureaux.mazoyer.fr\/wp-content\/uploads\/2024\/07\/Colorful-Creative-Doodle-Pattern-Blank-Notes-Page-Border.zip-9-300x163.jpeg 300w, https:\/\/bureaux.mazoyer.fr\/wp-content\/uploads\/2024\/07\/Colorful-Creative-Doodle-Pattern-Blank-Notes-Page-Border.zip-9-768x418.jpeg 768w, https:\/\/bureaux.mazoyer.fr\/wp-content\/uploads\/2024\/07\/Colorful-Creative-Doodle-Pattern-Blank-Notes-Page-Border.zip-9-1536x836.jpeg 1536w, https:\/\/bureaux.mazoyer.fr\/wp-content\/uploads\/2024\/07\/Colorful-Creative-Doodle-Pattern-Blank-Notes-Page-Border.zip-9-18x10.jpeg 18w, https:\/\/bureaux.mazoyer.fr\/wp-content\/uploads\/2024\/07\/Colorful-Creative-Doodle-Pattern-Blank-Notes-Page-Border.zip-9-600x326.jpeg 600w, https:\/\/bureaux.mazoyer.fr\/wp-content\/uploads\/2024\/07\/Colorful-Creative-Doodle-Pattern-Blank-Notes-Page-Border.zip-9.jpeg 2000w\" sizes=\"(max-width: 960px) 100vw, 960px\" \/>\t\t\t\t\t\t\t\t<\/a>\n\t\t\t\t\t\t\t\t\t\t\t\t\t<\/div>\n\t\t\t\t<\/div>\n\t\t\t\t<div class=\"elementor-element elementor-element-5b7b8c36 elementor-widget elementor-widget-image\" data-id=\"5b7b8c36\" data-element_type=\"widget\" data-widget_type=\"image.default\">\n\t\t\t\t<div class=\"elementor-widget-container\">\n\t\t\t\t\t\t\t\t\t\t\t\t\t\t<a href=\"https:\/\/bureaux.mazoyer.fr\/en\/product\/tono-t3\/\">\n\t\t\t\t\t\t\t<img decoding=\"async\" width=\"960\" height=\"527\" src=\"https:\/\/bureaux.mazoyer.fr\/wp-content\/uploads\/2024\/07\/Colorful-Creative-Doodle-Pattern-Blank-Notes-Page-Border.zip-11-1024x562.jpeg\" class=\"attachment-large size-large wp-image-2783\" alt=\"\" srcset=\"https:\/\/bureaux.mazoyer.fr\/wp-content\/uploads\/2024\/07\/Colorful-Creative-Doodle-Pattern-Blank-Notes-Page-Border.zip-11-1024x562.jpeg 1024w, https:\/\/bureaux.mazoyer.fr\/wp-content\/uploads\/2024\/07\/Colorful-Creative-Doodle-Pattern-Blank-Notes-Page-Border.zip-11-300x165.jpeg 300w, https:\/\/bureaux.mazoyer.fr\/wp-content\/uploads\/2024\/07\/Colorful-Creative-Doodle-Pattern-Blank-Notes-Page-Border.zip-11-768x421.jpeg 768w, https:\/\/bureaux.mazoyer.fr\/wp-content\/uploads\/2024\/07\/Colorful-Creative-Doodle-Pattern-Blank-Notes-Page-Border.zip-11-1536x842.jpeg 1536w, https:\/\/bureaux.mazoyer.fr\/wp-content\/uploads\/2024\/07\/Colorful-Creative-Doodle-Pattern-Blank-Notes-Page-Border.zip-11-18x10.jpeg 18w, https:\/\/bureaux.mazoyer.fr\/wp-content\/uploads\/2024\/07\/Colorful-Creative-Doodle-Pattern-Blank-Notes-Page-Border.zip-11-600x329.jpeg 600w, https:\/\/bureaux.mazoyer.fr\/wp-content\/uploads\/2024\/07\/Colorful-Creative-Doodle-Pattern-Blank-Notes-Page-Border.zip-11.jpeg 2000w\" sizes=\"(max-width: 960px) 100vw, 960px\" \/>\t\t\t\t\t\t\t\t<\/a>\n\t\t\t\t\t\t\t\t\t\t\t\t\t<\/div>\n\t\t\t\t<\/div>\n\t\t\t\t\t<\/div>\n\t\t\t\t<\/div>\n\t\t<div class=\"elementor-element elementor-element-1924df75 e-grid e-con-boxed wpr-particle-no wpr-jarallax-no wpr-parallax-no wpr-sticky-section-no e-con e-parent\" data-id=\"1924df75\" data-element_type=\"container\">\n\t\t\t\t\t<div class=\"e-con-inner\">\n\t\t\t\t<div class=\"elementor-element elementor-element-29a4f39e elementor-widget elementor-widget-image\" data-id=\"29a4f39e\" data-element_type=\"widget\" data-widget_type=\"image.default\">\n\t\t\t\t<div class=\"elementor-widget-container\">\n\t\t\t\t\t\t\t\t\t\t\t\t\t\t<a href=\"https:\/\/bureaux.mazoyer.fr\/en\/product\/tono-t2\/\">\n\t\t\t\t\t\t\t<img decoding=\"async\" width=\"960\" height=\"523\" src=\"https:\/\/bureaux.mazoyer.fr\/wp-content\/uploads\/2024\/07\/Colorful-Creative-Doodle-Pattern-Blank-Notes-Page-Border.zip-10-1024x558.jpeg\" class=\"attachment-large size-large wp-image-2784\" alt=\"\" srcset=\"https:\/\/bureaux.mazoyer.fr\/wp-content\/uploads\/2024\/07\/Colorful-Creative-Doodle-Pattern-Blank-Notes-Page-Border.zip-10-1024x558.jpeg 1024w, https:\/\/bureaux.mazoyer.fr\/wp-content\/uploads\/2024\/07\/Colorful-Creative-Doodle-Pattern-Blank-Notes-Page-Border.zip-10-300x163.jpeg 300w, https:\/\/bureaux.mazoyer.fr\/wp-content\/uploads\/2024\/07\/Colorful-Creative-Doodle-Pattern-Blank-Notes-Page-Border.zip-10-768x418.jpeg 768w, https:\/\/bureaux.mazoyer.fr\/wp-content\/uploads\/2024\/07\/Colorful-Creative-Doodle-Pattern-Blank-Notes-Page-Border.zip-10-1536x836.jpeg 1536w, https:\/\/bureaux.mazoyer.fr\/wp-content\/uploads\/2024\/07\/Colorful-Creative-Doodle-Pattern-Blank-Notes-Page-Border.zip-10-18x10.jpeg 18w, https:\/\/bureaux.mazoyer.fr\/wp-content\/uploads\/2024\/07\/Colorful-Creative-Doodle-Pattern-Blank-Notes-Page-Border.zip-10-600x327.jpeg 600w, https:\/\/bureaux.mazoyer.fr\/wp-content\/uploads\/2024\/07\/Colorful-Creative-Doodle-Pattern-Blank-Notes-Page-Border.zip-10.jpeg 2000w\" sizes=\"(max-width: 960px) 100vw, 960px\" \/>\t\t\t\t\t\t\t\t<\/a>\n\t\t\t\t\t\t\t\t\t\t\t\t\t<\/div>\n\t\t\t\t<\/div>\n\t\t\t\t<div class=\"elementor-element elementor-element-70b75055 elementor-widget elementor-widget-image\" data-id=\"70b75055\" data-element_type=\"widget\" data-widget_type=\"image.default\">\n\t\t\t\t<div class=\"elementor-widget-container\">\n\t\t\t\t\t\t\t\t\t\t\t\t\t\t<a href=\"https:\/\/bureaux.mazoyer.fr\/en\/product\/rock-3\/\">\n\t\t\t\t\t\t\t<img loading=\"lazy\" decoding=\"async\" width=\"960\" height=\"519\" src=\"https:\/\/bureaux.mazoyer.fr\/wp-content\/uploads\/2024\/07\/Colorful-Creative-Doodle-Pattern-Blank-Notes-Page-Border.zip-12-1024x554.jpeg\" class=\"attachment-large size-large wp-image-2785\" alt=\"\" srcset=\"https:\/\/bureaux.mazoyer.fr\/wp-content\/uploads\/2024\/07\/Colorful-Creative-Doodle-Pattern-Blank-Notes-Page-Border.zip-12-1024x554.jpeg 1024w, https:\/\/bureaux.mazoyer.fr\/wp-content\/uploads\/2024\/07\/Colorful-Creative-Doodle-Pattern-Blank-Notes-Page-Border.zip-12-300x162.jpeg 300w, https:\/\/bureaux.mazoyer.fr\/wp-content\/uploads\/2024\/07\/Colorful-Creative-Doodle-Pattern-Blank-Notes-Page-Border.zip-12-768x416.jpeg 768w, https:\/\/bureaux.mazoyer.fr\/wp-content\/uploads\/2024\/07\/Colorful-Creative-Doodle-Pattern-Blank-Notes-Page-Border.zip-12-1536x832.jpeg 1536w, https:\/\/bureaux.mazoyer.fr\/wp-content\/uploads\/2024\/07\/Colorful-Creative-Doodle-Pattern-Blank-Notes-Page-Border.zip-12-18x10.jpeg 18w, https:\/\/bureaux.mazoyer.fr\/wp-content\/uploads\/2024\/07\/Colorful-Creative-Doodle-Pattern-Blank-Notes-Page-Border.zip-12-600x325.jpeg 600w, https:\/\/bureaux.mazoyer.fr\/wp-content\/uploads\/2024\/07\/Colorful-Creative-Doodle-Pattern-Blank-Notes-Page-Border.zip-12.jpeg 2000w\" sizes=\"(max-width: 960px) 100vw, 960px\" \/>\t\t\t\t\t\t\t\t<\/a>\n\t\t\t\t\t\t\t\t\t\t\t\t\t<\/div>\n\t\t\t\t<\/div>\n\t\t\t\t<div class=\"elementor-element elementor-element-4ca25eb elementor-widget elementor-widget-image\" data-id=\"4ca25eb\" data-element_type=\"widget\" data-widget_type=\"image.default\">\n\t\t\t\t<div class=\"elementor-widget-container\">\n\t\t\t\t\t\t\t\t\t\t\t\t\t\t<a href=\"https:\/\/bureaux.mazoyer.fr\/en\/product\/rock-1\/\">\n\t\t\t\t\t\t\t<img loading=\"lazy\" decoding=\"async\" width=\"960\" height=\"518\" src=\"https:\/\/bureaux.mazoyer.fr\/wp-content\/uploads\/2024\/07\/Colorful-Creative-Doodle-Pattern-Blank-Notes-Page-Border.zip-13-1024x553.jpeg\" class=\"attachment-large size-large wp-image-2786\" alt=\"\" srcset=\"https:\/\/bureaux.mazoyer.fr\/wp-content\/uploads\/2024\/07\/Colorful-Creative-Doodle-Pattern-Blank-Notes-Page-Border.zip-13-1024x553.jpeg 1024w, https:\/\/bureaux.mazoyer.fr\/wp-content\/uploads\/2024\/07\/Colorful-Creative-Doodle-Pattern-Blank-Notes-Page-Border.zip-13-300x162.jpeg 300w, https:\/\/bureaux.mazoyer.fr\/wp-content\/uploads\/2024\/07\/Colorful-Creative-Doodle-Pattern-Blank-Notes-Page-Border.zip-13-768x415.jpeg 768w, https:\/\/bureaux.mazoyer.fr\/wp-content\/uploads\/2024\/07\/Colorful-Creative-Doodle-Pattern-Blank-Notes-Page-Border.zip-13-1536x830.jpeg 1536w, https:\/\/bureaux.mazoyer.fr\/wp-content\/uploads\/2024\/07\/Colorful-Creative-Doodle-Pattern-Blank-Notes-Page-Border.zip-13-18x10.jpeg 18w, https:\/\/bureaux.mazoyer.fr\/wp-content\/uploads\/2024\/07\/Colorful-Creative-Doodle-Pattern-Blank-Notes-Page-Border.zip-13-600x324.jpeg 600w, https:\/\/bureaux.mazoyer.fr\/wp-content\/uploads\/2024\/07\/Colorful-Creative-Doodle-Pattern-Blank-Notes-Page-Border.zip-13.jpeg 2000w\" sizes=\"(max-width: 960px) 100vw, 960px\" \/>\t\t\t\t\t\t\t\t<\/a>\n\t\t\t\t\t\t\t\t\t\t\t\t\t<\/div>\n\t\t\t\t<\/div>\n\t\t\t\t\t<\/div>\n\t\t\t\t<\/div>\n\t\t\t\t<\/div>","protected":false},"excerpt":{"rendered":"<p>Tables op\u00e9rationnelles Parcourez notre catalogue de vente de mobilier de bureau ! Contactez nos sp\u00e9cialistes en mobilier de bureau Tables op\u00e9rationnelles<\/p>","protected":false},"author":2,"featured_media":0,"parent":0,"menu_order":0,"comment_status":"closed","ping_status":"closed","template":"elementor_canvas","meta":{"footnotes":""},"yoast_head":"<!-- This site is optimized with the Yoast SEO plugin v22.9 - https:\/\/yoast.com\/wordpress\/plugins\/seo\/ -->\n<title>Tables op\u00e9rationnelles - mazoyer-bureaux.fr<\/title>\n<meta name=\"robots\" content=\"index, follow, max-snippet:-1, max-image-preview:large, max-video-preview:-1\" \/>\n<link rel=\"canonical\" href=\"https:\/\/bureaux.mazoyer.fr\/en\/tables-operationnelles\/\" \/>\n<meta property=\"og:locale\" content=\"en_US\" \/>\n<meta property=\"og:type\" content=\"article\" \/>\n<meta property=\"og:title\" content=\"Tables op\u00e9rationnelles - mazoyer-bureaux.fr\" \/>\n<meta property=\"og:description\" content=\"Tables op\u00e9rationnelles Parcourez notre catalogue de vente de mobilier de bureau ! Contactez nos sp\u00e9cialistes en mobilier de bureau Tables op\u00e9rationnelles\" \/>\n<meta property=\"og:url\" content=\"https:\/\/bureaux.mazoyer.fr\/en\/tables-operationnelles\/\" \/>\n<meta property=\"og:site_name\" content=\"mazoyer-bureaux.fr\" \/>\n<meta property=\"article:modified_time\" content=\"2024-07-30T12:01:15+00:00\" \/>\n<meta property=\"og:image\" content=\"https:\/\/bureaux.mazoyer.fr\/wp-content\/uploads\/2024\/07\/Colorful-Creative-Doodle-Pattern-Blank-Notes-Page-Border.zip-9-1024x557.jpeg\" \/>\n<meta name=\"twitter:card\" content=\"summary_large_image\" \/>\n<meta name=\"twitter:label1\" content=\"Est. reading time\" \/>\n\t<meta name=\"twitter:data1\" content=\"2 minutes\" \/>\n<script type=\"application\/ld+json\" class=\"yoast-schema-graph\">{\"@context\":\"https:\/\/schema.org\",\"@graph\":[{\"@type\":\"WebPage\",\"@id\":\"https:\/\/bureaux.mazoyer.fr\/tables-operationnelles\/\",\"url\":\"https:\/\/bureaux.mazoyer.fr\/tables-operationnelles\/\",\"name\":\"Tables op\u00e9rationnelles - mazoyer-bureaux.fr\",\"isPartOf\":{\"@id\":\"https:\/\/bureaux.mazoyer.fr\/#website\"},\"primaryImageOfPage\":{\"@id\":\"https:\/\/bureaux.mazoyer.fr\/tables-operationnelles\/#primaryimage\"},\"image\":{\"@id\":\"https:\/\/bureaux.mazoyer.fr\/tables-operationnelles\/#primaryimage\"},\"thumbnailUrl\":\"https:\/\/bureaux.mazoyer.fr\/wp-content\/uploads\/2024\/07\/Colorful-Creative-Doodle-Pattern-Blank-Notes-Page-Border.zip-9-1024x557.jpeg\",\"datePublished\":\"2024-07-19T09:38:18+00:00\",\"dateModified\":\"2024-07-30T12:01:15+00:00\",\"breadcrumb\":{\"@id\":\"https:\/\/bureaux.mazoyer.fr\/tables-operationnelles\/#breadcrumb\"},\"inLanguage\":\"en-US\",\"potentialAction\":[{\"@type\":\"ReadAction\",\"target\":[\"https:\/\/bureaux.mazoyer.fr\/tables-operationnelles\/\"]}]},{\"@type\":\"ImageObject\",\"inLanguage\":\"en-US\",\"@id\":\"https:\/\/bureaux.mazoyer.fr\/tables-operationnelles\/#primaryimage\",\"url\":\"https:\/\/bureaux.mazoyer.fr\/wp-content\/uploads\/2024\/07\/Colorful-Creative-Doodle-Pattern-Blank-Notes-Page-Border.zip-9-1024x557.jpeg\",\"contentUrl\":\"https:\/\/bureaux.mazoyer.fr\/wp-content\/uploads\/2024\/07\/Colorful-Creative-Doodle-Pattern-Blank-Notes-Page-Border.zip-9-1024x557.jpeg\"},{\"@type\":\"BreadcrumbList\",\"@id\":\"https:\/\/bureaux.mazoyer.fr\/tables-operationnelles\/#breadcrumb\",\"itemListElement\":[{\"@type\":\"ListItem\",\"position\":1,\"name\":\"Accueil\",\"item\":\"https:\/\/bureaux.mazoyer.fr\/\"},{\"@type\":\"ListItem\",\"position\":2,\"name\":\"Tables op\u00e9rationnelles\"}]},{\"@type\":\"WebSite\",\"@id\":\"https:\/\/bureaux.mazoyer.fr\/#website\",\"url\":\"https:\/\/bureaux.mazoyer.fr\/\",\"name\":\"mazoyer-bureaux.fr\",\"description\":\"Mat\u00e9riel BTP \u2013 Manutention- Mobilier de Bureau Neuf &amp; Occasion \u2013 Stockage \u2013 Services \u2013 Location courte dur\u00e9e\",\"potentialAction\":[{\"@type\":\"SearchAction\",\"target\":{\"@type\":\"EntryPoint\",\"urlTemplate\":\"https:\/\/bureaux.mazoyer.fr\/?s={search_term_string}\"},\"query-input\":\"required name=search_term_string\"}],\"inLanguage\":\"en-US\"}]}<\/script>\n<!-- \/ Yoast SEO plugin. -->","yoast_head_json":{"title":"Tables op\u00e9rationnelles - mazoyer-bureaux.fr","robots":{"index":"index","follow":"follow","max-snippet":"max-snippet:-1","max-image-preview":"max-image-preview:large","max-video-preview":"max-video-preview:-1"},"canonical":"https:\/\/bureaux.mazoyer.fr\/en\/tables-operationnelles\/","og_locale":"en_US","og_type":"article","og_title":"Tables op\u00e9rationnelles - mazoyer-bureaux.fr","og_description":"Tables op\u00e9rationnelles Parcourez notre catalogue de vente de mobilier de bureau ! Contactez nos sp\u00e9cialistes en mobilier de bureau Tables op\u00e9rationnelles","og_url":"https:\/\/bureaux.mazoyer.fr\/en\/tables-operationnelles\/","og_site_name":"mazoyer-bureaux.fr","article_modified_time":"2024-07-30T12:01:15+00:00","og_image":[{"url":"https:\/\/bureaux.mazoyer.fr\/wp-content\/uploads\/2024\/07\/Colorful-Creative-Doodle-Pattern-Blank-Notes-Page-Border.zip-9-1024x557.jpeg"}],"twitter_card":"summary_large_image","twitter_misc":{"Est. reading time":"2 minutes"},"schema":{"@context":"https:\/\/schema.org","@graph":[{"@type":"WebPage","@id":"https:\/\/bureaux.mazoyer.fr\/tables-operationnelles\/","url":"https:\/\/bureaux.mazoyer.fr\/tables-operationnelles\/","name":"Tables op\u00e9rationnelles - mazoyer-bureaux.fr","isPartOf":{"@id":"https:\/\/bureaux.mazoyer.fr\/#website"},"primaryImageOfPage":{"@id":"https:\/\/bureaux.mazoyer.fr\/tables-operationnelles\/#primaryimage"},"image":{"@id":"https:\/\/bureaux.mazoyer.fr\/tables-operationnelles\/#primaryimage"},"thumbnailUrl":"https:\/\/bureaux.mazoyer.fr\/wp-content\/uploads\/2024\/07\/Colorful-Creative-Doodle-Pattern-Blank-Notes-Page-Border.zip-9-1024x557.jpeg","datePublished":"2024-07-19T09:38:18+00:00","dateModified":"2024-07-30T12:01:15+00:00","breadcrumb":{"@id":"https:\/\/bureaux.mazoyer.fr\/tables-operationnelles\/#breadcrumb"},"inLanguage":"en-US","potentialAction":[{"@type":"ReadAction","target":["https:\/\/bureaux.mazoyer.fr\/tables-operationnelles\/"]}]},{"@type":"ImageObject","inLanguage":"en-US","@id":"https:\/\/bureaux.mazoyer.fr\/tables-operationnelles\/#primaryimage","url":"https:\/\/bureaux.mazoyer.fr\/wp-content\/uploads\/2024\/07\/Colorful-Creative-Doodle-Pattern-Blank-Notes-Page-Border.zip-9-1024x557.jpeg","contentUrl":"https:\/\/bureaux.mazoyer.fr\/wp-content\/uploads\/2024\/07\/Colorful-Creative-Doodle-Pattern-Blank-Notes-Page-Border.zip-9-1024x557.jpeg"},{"@type":"BreadcrumbList","@id":"https:\/\/bureaux.mazoyer.fr\/tables-operationnelles\/#breadcrumb","itemListElement":[{"@type":"ListItem","position":1,"name":"Accueil","item":"https:\/\/bureaux.mazoyer.fr\/"},{"@type":"ListItem","position":2,"name":"Tables op\u00e9rationnelles"}]},{"@type":"WebSite","@id":"https:\/\/bureaux.mazoyer.fr\/#website","url":"https:\/\/bureaux.mazoyer.fr\/","name":"mazoyer-bureaux.fr","description":"Mat\u00e9riel BTP \u2013 Manutention- Mobilier de Bureau Neuf &amp; Occasion \u2013 Stockage \u2013 Services \u2013 Location courte dur\u00e9e","potentialAction":[{"@type":"SearchAction","target":{"@type":"EntryPoint","urlTemplate":"https:\/\/bureaux.mazoyer.fr\/?s={search_term_string}"},"query-input":"required name=search_term_string"}],"inLanguage":"en-US"}]}},"_links":{"self":[{"href":"https:\/\/bureaux.mazoyer.fr\/en\/wp-json\/wp\/v2\/pages\/2779"}],"collection":[{"href":"https:\/\/bureaux.mazoyer.fr\/en\/wp-json\/wp\/v2\/pages"}],"about":[{"href":"https:\/\/bureaux.mazoyer.fr\/en\/wp-json\/wp\/v2\/types\/page"}],"author":[{"embeddable":true,"href":"https:\/\/bureaux.mazoyer.fr\/en\/wp-json\/wp\/v2\/users\/2"}],"replies":[{"embeddable":true,"href":"https:\/\/bureaux.mazoyer.fr\/en\/wp-json\/wp\/v2\/comments?post=2779"}],"version-history":[{"count":10,"href":"https:\/\/bureaux.mazoyer.fr\/en\/wp-json\/wp\/v2\/pages\/2779\/revisions"}],"predecessor-version":[{"id":2986,"href":"https:\/\/bureaux.mazoyer.fr\/en\/wp-json\/wp\/v2\/pages\/2779\/revisions\/2986"}],"wp:attachment":[{"href":"https:\/\/bureaux.mazoyer.fr\/en\/wp-json\/wp\/v2\/media?parent=2779"}],"curies":[{"name":"wp","href":"https:\/\/api.w.org\/{rel}","templated":true}]}}